{"id":5978,"date":"2022-12-16T07:38:45","date_gmt":"2022-12-16T06:38:45","guid":{"rendered":"http:\/\/www.qeibiza.es\/?page_id=5978"},"modified":"2024-06-17T11:23:51","modified_gmt":"2024-06-17T10:23:51","slug":"rental-conditions-fr","status":"publish","type":"page","link":"https:\/\/quality-renting.com\/fr\/rental-conditions-fr\/","title":{"rendered":"Rental conditions FR"},"content":{"rendered":"\t\t<div data-elementor-type=\"wp-page\" data-elementor-id=\"5978\" class=\"elementor elementor-5978 elementor-5682\" data-elementor-post-type=\"page\">\n\t\t\t\t\t\t<section class=\"elementor-section elementor-top-section elementor-element elementor-element-056ff81 elementor-section-height-min-height elementor-section-boxed elementor-section-height-default elementor-section-items-middle\" data-id=\"056ff81\" data-element_type=\"section\" data-e-type=\"section\" data-settings=\"{&quot;background_background&quot;:&quot;classic&quot;}\">\n\t\t\t\t\t\t<div class=\"elementor-container elementor-column-gap-default\">\n\t\t\t\t\t<div class=\"elementor-column elementor-col-100 elementor-top-column elementor-element elementor-element-b50b6c5\" data-id=\"b50b6c5\" data-element_type=\"column\" data-e-type=\"column\">\n\t\t\t<div class=\"elementor-widget-wrap elementor-element-populated\">\n\t\t\t\t\t\t<div class=\"elementor-element elementor-element-04c5cf6 elementor-widget__width-auto elementor-absolute elementor-icon-list--layout-traditional elementor-list-item-link-full_width elementor-widget elementor-widget-icon-list\" data-id=\"04c5cf6\" data-element_type=\"widget\" data-e-type=\"widget\" data-settings=\"{&quot;_position&quot;:&quot;absolute&quot;}\" data-widget_type=\"icon-list.default\">\n\t\t\t\t<div class=\"elementor-widget-container\">\n\t\t\t\t\t\t\t<ul class=\"elementor-icon-list-items\">\n\t\t\t\t\t\t\t<li class=\"elementor-icon-list-item\">\n\t\t\t\t\t\t\t\t\t\t\t<span class=\"elementor-icon-list-icon\">\n\t\t\t\t\t\t\t<svg xmlns=\"http:\/\/www.w3.org\/2000\/svg\" height=\"20\" width=\"20\"><path d=\"M8.375 18.375 0 10l8.375-8.375 1.792 1.792L3.583 10l6.584 6.583Z\"><\/path><\/svg>\t\t\t\t\t\t<\/span>\n\t\t\t\t\t\t\t\t\t\t<span class=\"elementor-icon-list-text\">VOIR VILLAS<\/span>\n\t\t\t\t\t\t\t\t\t<\/li>\n\t\t\t\t\t\t<\/ul>\n\t\t\t\t\t\t<\/div>\n\t\t\t\t<\/div>\n\t\t\t\t<div class=\"elementor-element elementor-element-f1773a8 elementor-widget elementor-widget-heading\" data-id=\"f1773a8\" data-element_type=\"widget\" data-e-type=\"widget\" data-widget_type=\"heading.default\">\n\t\t\t\t<div class=\"elementor-widget-container\">\n\t\t\t\t\t<h2 class=\"elementor-heading-title elementor-size-default\">Conditions de location<\/h2>\t\t\t\t<\/div>\n\t\t\t\t<\/div>\n\t\t\t\t\t<\/div>\n\t\t<\/div>\n\t\t\t\t\t<\/div>\n\t\t<\/section>\n\t\t\t\t<section class=\"elementor-section elementor-top-section elementor-element elementor-element-9e87924 elementor-hidden-mobile elementor-section-boxed elementor-section-height-default elementor-section-height-default\" data-id=\"9e87924\" data-element_type=\"section\" data-e-type=\"section\">\n\t\t\t\t\t\t<div class=\"elementor-container elementor-column-gap-default\">\n\t\t\t\t\t<div class=\"elementor-column elementor-col-100 elementor-top-column elementor-element elementor-element-aa935ef\" data-id=\"aa935ef\" data-element_type=\"column\" data-e-type=\"column\">\n\t\t\t<div class=\"elementor-widget-wrap elementor-element-populated\">\n\t\t\t\t\t\t<section class=\"elementor-section elementor-inner-section elementor-element elementor-element-ae350b3 elementor-section-boxed elementor-section-height-default elementor-section-height-default\" data-id=\"ae350b3\" data-element_type=\"section\" data-e-type=\"section\">\n\t\t\t\t\t\t<div class=\"elementor-container elementor-column-gap-default\">\n\t\t\t\t\t<div class=\"elementor-column elementor-col-100 elementor-inner-column elementor-element elementor-element-71d348e\" data-id=\"71d348e\" data-element_type=\"column\" data-e-type=\"column\">\n\t\t\t<div class=\"elementor-widget-wrap elementor-element-populated\">\n\t\t\t\t\t\t<div class=\"elementor-element elementor-element-0ae84ba elementor-widget elementor-widget-heading\" data-id=\"0ae84ba\" data-element_type=\"widget\" data-e-type=\"widget\" data-widget_type=\"heading.default\">\n\t\t\t\t<div class=\"elementor-widget-container\">\n\t\t\t\t\t<h2 class=\"elementor-heading-title elementor-size-default\">Conditions de location d'une maison de vacances<\/h2>\t\t\t\t<\/div>\n\t\t\t\t<\/div>\n\t\t\t\t\t<\/div>\n\t\t<\/div>\n\t\t\t\t\t<\/div>\n\t\t<\/section>\n\t\t\t\t<div class=\"elementor-element elementor-element-3267b89 elementor-widget-divider--view-line elementor-widget elementor-widget-divider\" data-id=\"3267b89\" data-element_type=\"widget\" data-e-type=\"widget\" data-widget_type=\"divider.default\">\n\t\t\t\t<div class=\"elementor-widget-container\">\n\t\t\t\t\t\t\t<div class=\"elementor-divider\">\n\t\t\t<span class=\"elementor-divider-separator\">\n\t\t\t\t\t\t<\/span>\n\t\t<\/div>\n\t\t\t\t\t\t<\/div>\n\t\t\t\t<\/div>\n\t\t\t\t<section class=\"elementor-section elementor-inner-section elementor-element elementor-element-9a6da54 elementor-section-boxed elementor-section-height-default elementor-section-height-default\" data-id=\"9a6da54\" data-element_type=\"section\" data-e-type=\"section\">\n\t\t\t\t\t\t<div class=\"elementor-container elementor-column-gap-default\">\n\t\t\t\t\t<div class=\"elementor-column elementor-col-100 elementor-inner-column elementor-element elementor-element-a3c48c1\" data-id=\"a3c48c1\" data-element_type=\"column\" data-e-type=\"column\">\n\t\t\t<div class=\"elementor-widget-wrap elementor-element-populated\">\n\t\t\t\t\t\t<div class=\"elementor-element elementor-element-033c807 elementor-widget elementor-widget-text-editor\" data-id=\"033c807\" data-element_type=\"widget\" data-e-type=\"widget\" data-widget_type=\"text-editor.default\">\n\t\t\t\t<div class=\"elementor-widget-container\">\n\t\t\t\t\t\t\t\t\t<div class=\"elementor-element elementor-element-b70b561 elementor-widget elementor-widget-heading\" data-id=\"b70b561\" data-element_type=\"widget\" data-widget_type=\"heading.default\"><div class=\"elementor-widget-container\"><p><strong>1. Arriv\u00e9e et d\u00e9part<\/strong><br \/>La plupart des changements se font le samedi. Le logement est disponible \u00e0 partir de 16h00. Nous vous demandons d&rsquo;arriver entre 16h00 et 18h00. Si cela n&rsquo;est pas possible, veuillez informer Quality Estates bien \u00e0 l&rsquo;avance de votre heure d&rsquo;arriv\u00e9e pr\u00e9vue. Si vous ne nous informez pas avant 10h00 le jour de votre arriv\u00e9e que votre heure d&rsquo;arriv\u00e9e est post\u00e9rieure \u00e0 18h00, il y aura des frais suppl\u00e9mentaires. Le jour du d\u00e9part, vous devez lib\u00e9rer la propri\u00e9t\u00e9 avant 10h00.<\/p><p><strong>2. R\u00e9servations<\/strong><br \/>Toutes les r\u00e9servations sont obligatoires. Une fois votre r\u00e9servation confirm\u00e9e, nous vous enverrons une confirmation par e-mail. Celle-ci contiendra le contrat de location que vous devrez signer.<\/p><p><strong>3. Prix<\/strong><br \/>L&rsquo;utilisation des draps, taies d&rsquo;oreiller, serviettes et torchons est comprise dans le prix indiqu\u00e9 (pour les frais de nettoyage). Ceci s&rsquo;applique \u00e9galement \u00e0 l&rsquo;utilisation du gaz, de l&rsquo;eau et de l&rsquo;\u00e9lectricit\u00e9 dans la r\u00e9sidence, \u00e0 l&rsquo;exception d&rsquo;une utilisation excessive de ces services publics que Quality Estates facturera au locataire. S&rsquo;il y a une cuisini\u00e8re \u00e0 gaz dans la maison, la premi\u00e8re bouteille de gaz est incluse.<\/p><p><strong>4. Nombre de personnes<\/strong><br \/>Le loyer est bas\u00e9 sur les lits disponibles dans la villa ou l&rsquo;appartement. En g\u00e9n\u00e9ral, il y a de la place pour plusieurs personnes. Pour une personne suppl\u00e9mentaire au-del\u00e0 du nombre indiqu\u00e9, nous facturons, selon la villa, un suppl\u00e9ment par personne. Les enfants de moins de 2 ans ne sont pas compt\u00e9s comme un locataire. Les frais administratifs sont de 30\u20ac, &#8211; par r\u00e9servation. Si \u00e0 l&rsquo;arriv\u00e9e ou pendant le s\u00e9jour des locataires dans la villa, il est constat\u00e9 que plus de personnes que le nombre de personnes indiqu\u00e9 sur le contrat s\u00e9journent dans la villa, cela sera p\u00e9nalis\u00e9 ou pourra conduire \u00e0 une expulsion, notamment lorsque le nombre total de personnes d\u00e9passe le maximum mentionn\u00e9 dans la description de la villa.<\/p><p><strong>5. Paiement<\/strong><br \/>Le premier paiement de 25% du contrat doit \u00eatre effectu\u00e9 dans les 5 jours ouvrables suivant la r\u00e9ception du contrat par carte de cr\u00e9dit. Nous vous demandons de signer le document et de nous le renvoyer (par e-mail ou par courrier). Le reste du loyer (75% du contrat) doit \u00eatre pay\u00e9 au moins 8 semaines avant le d\u00e9but de la p\u00e9riode de location.<\/p><p>Pour les r\u00e9servations effectu\u00e9es dans les 8 semaines pr\u00e9c\u00e9dant le d\u00e9but de la p\u00e9riode de location, le montant total doit \u00eatre pay\u00e9 en totalit\u00e9. Pour les r\u00e9servations \u00e0 court terme (dans les 3 semaines pr\u00e9c\u00e9dant la p\u00e9riode de location), veuillez payer imm\u00e9diatement apr\u00e8s r\u00e9ception de la confirmation \/ facture par t\u00e9l\u00e9phone ou par transfert \u00e9lectronique. Vous devrez fournir \u00e0 Quality Estates Renting une preuve de transfert par e-mail ou par fax.<\/p><p>Paiements \u00e0 l&rsquo;ordre de : Quality Estates S.L.<br \/>Banque : CAIXABANK, Sant Antoni de Calonge<br \/>IBAN : ES0421005703400200072909<br \/>SWIFT : CAIXESBBXXX\u00a0<\/p><p><strong>6. D\u00e9p\u00f4ts de garantie<\/strong><br \/>L&rsquo;acompte est vers\u00e9 \u00e0 l&rsquo;avance. Le montant de la caution est indiqu\u00e9 dans le contrat. Si un objet est endommag\u00e9 ou cass\u00e9 pendant votre s\u00e9jour, il doit \u00eatre communiqu\u00e9 par preuve \u00e0 Qualiy Estates dans les premi\u00e8res 24 heures, les co\u00fbts seront d\u00e9duits de votre caution. Nous pourrons alors prendre les mesures n\u00e9cessaires pour r\u00e9parer ou remplacer le ou les objets endommag\u00e9s. Si vous ne signalez pas le dommage, vous risquez des frais suppl\u00e9mentaires et des taxes qui seront d\u00e9duits de votre caution. Si aucun dommage n&rsquo;est survenu, le remboursement de la caution aura lieu dans les 14 jours suivant le d\u00e9part. Si des dommages ou des paiements suppl\u00e9mentaires doivent \u00eatre d\u00e9duits de la caution, le d\u00e9lai de traitement peut d\u00e9passer la p\u00e9riode de 14 jours, N.B. : les frais de traitement et l&rsquo;IVA seront calcul\u00e9s. La villa sera contr\u00f4l\u00e9e avant votre arriv\u00e9e. Si, malgr\u00e9 tout, vous constatez des dommages \u00e0 votre arriv\u00e9e ou peu apr\u00e8s, vous devez nous le signaler imm\u00e9diatement. Ceci afin d&rsquo;\u00e9viter que les dommages ne vous soient factur\u00e9s. Les petits dommages comme le bris de verre et\/ou de vaisselle doivent \u00eatre r\u00e9solus par vous-m\u00eame.<\/p><p><strong>7. Annulations<\/strong><br \/>Les annulations doivent \u00eatre faites par \u00e9crit. Quality Estates Renting accusera r\u00e9ception de l&rsquo;annulation. Jusqu&rsquo;\u00e0 8 semaines avant la p\u00e9riode de location, les frais d&rsquo;annulation sont de 25% du loyer. Si l&rsquo;annulation a lieu entre 8 et 4 semaines avant la p\u00e9riode de location, les frais d&rsquo;annulation s&rsquo;\u00e9l\u00e8vent \u00e0 100 %. Pour se pr\u00e9munir contre cette \u00e9ventualit\u00e9, il est conseill\u00e9 de souscrire une assurance annulation en plus de votre assurance voyage habituelle.<\/p><p><strong>8. Annulation par Quality Estates<\/strong><br \/>Si, en raison de circonstances ind\u00e9pendantes de sa volont\u00e9, Quality Estates annule votre r\u00e9servation, elle vous fournira un autre logement de location de type et de prix similaires. \u00c0 d\u00e9faut, Quality Estates remboursera tout montant d\u00e9j\u00e0 pay\u00e9. Ceci est fait sans compensation pour toute d\u00e9pense suppl\u00e9mentaire quelle qu&rsquo;elle soit.<\/p><p><strong>9. Piscines<\/strong><br \/>Pour l&rsquo;utilisation des piscines avec chauffage, il y a un suppl\u00e9ment de 15,- \u20ac par jour. Il est interdit d&rsquo;utiliser des verres \u00e0 proximit\u00e9 de la piscine. *Rappel : prendre une douche avant\/apr\u00e8s \u00eatre entr\u00e9\/sorti.<\/p><p><strong>10. Animaux domestiques<\/strong><br \/>Dans certaines maisons, il est permis d&rsquo;amener son animal de compagnie. Cela co\u00fbte 25,00\u20ac par animal, par semaine, car cela entra\u00eene par exemple un nettoyage suppl\u00e9mentaire. Sur le site web, vous verrez quelles maisons autorisent les animaux de compagnie.<br \/>Quality Estates se r\u00e9serve le droit de vous refuser l&rsquo;acc\u00e8s \u00e0 la propri\u00e9t\u00e9 au cas o\u00f9 vous ne nous auriez pas indiqu\u00e9 le nombre total d&rsquo;animaux domestiques. S&rsquo;il s&rsquo;av\u00e8re ult\u00e9rieurement qu&rsquo;un animal de compagnie (non enregistr\u00e9 dans le contrat) s\u00e9journe dans la villa, les locataires et le(s) animal(aux) pourront \u00eatre expuls\u00e9s.<\/p><p><strong>11. Nettoyage<\/strong><br \/>Les frais de nettoyage sont calcul\u00e9s dans le contrat de location, ce sont des frais suppl\u00e9mentaires en plus du montant de la location. Ces co\u00fbts seront calcul\u00e9s en fonction de la taille de la villa ou du groupe et varient entre \u20ac 170,00 et \u20ac 270,00. Vous devez vous assurer qu&rsquo;aucun d\u00e9chet n&rsquo;est laiss\u00e9 dans la maison, que le lave-vaisselle est vid\u00e9, que le grill, le four et le micro-ondes sont propres et que la literie que vous avez utilis\u00e9e est rang\u00e9e au m\u00eame endroit. Si vous n&rsquo;avez pas respect\u00e9 les r\u00e8gles ci-dessus, *Quality Estates se r\u00e9serve le droit de d\u00e9duire les frais suppl\u00e9mentaires de la caution que vous avez vers\u00e9e.<\/p><p><strong>12. Eau, gaz et \u00e9lectricit\u00e9<\/strong><br \/>En p\u00e9riode de s\u00e9cheresse, notamment dans les villages pendant les mois d&rsquo;\u00e9t\u00e9, l&rsquo;approvisionnement en eau peut \u00eatre coup\u00e9 pour des dur\u00e9es variables (par jour). Le flux d&rsquo;\u00e9lectricit\u00e9 peut \u00e9galement \u00eatre coup\u00e9 pendant plusieurs heures en cas d&rsquo;urgence. Quality Estates ne peut en aucun cas en \u00eatre tenu responsable.<\/p><p><strong>13. Plaintes<\/strong><br \/>Si malgr\u00e9 notre s\u00e9lection minutieuse et notre contr\u00f4le r\u00e9gulier, des probl\u00e8mes persistent, le locataire doit signaler sa plainte dans les premi\u00e8res 24 heures au service de location de Quality Estates afin que nous puissions prendre les mesures appropri\u00e9es. Le d\u00e9part anticip\u00e9 de la propri\u00e9t\u00e9, sans consultation pr\u00e9alable ou accord mutuel, d\u00e9gage Quality Estates de toute responsabilit\u00e9 en mati\u00e8re de compensation. Les plaintes qui ne sont pas r\u00e9solues de mani\u00e8re satisfaisante peuvent nous \u00eatre signal\u00e9es par \u00e9crit au plus tard 48 heures apr\u00e8s la p\u00e9riode de location.<\/p><p><strong>14.\u00a0Cambriolage<\/strong><br \/>Le locataire est responsable du vol et de la d\u00e9t\u00e9rioration du contenu en raison de la non-fermeture des fen\u00eatres et des portes par absence, le locataire est responsable des dommages subis.<\/p><p><strong>15. Responsabilit\u00e9 civile<\/strong><br \/>Pendant la p\u00e9riode de location, le locataire est responsable de l&rsquo;habitation et de toutes les choses qui font partie du bien lou\u00e9. Tout dommage constat\u00e9 par le locataire doit \u00eatre imm\u00e9diatement signal\u00e9 \u00e0 Quality Estates, sinon il sera sous la responsabilit\u00e9 du locataire. Tout dommage caus\u00e9 par le locataire ou les co-locataires doit \u00eatre imm\u00e9diatement signal\u00e9 \u00e0 Quality Estates et rembours\u00e9 par le locataire. Quality Estates ne peut \u00eatre tenu responsable par le locataire pour tout accident \/ blessure \/ dommage caus\u00e9 pendant la p\u00e9riode de location. Si les locataires causent des nuisances au voisinage, ils seront avertis une fois, en cas de r\u00e9cidive, la cons\u00e9quence sera la perte de la caution ou m\u00eame l&rsquo;expulsion.<\/p><p><strong>16. WIFI :<\/strong><br \/>Toutes nos villas disposent d&rsquo;une connexion WIFI. Cependant, en fonction du fournisseur et\/ou de l&#8217;emplacement de la villa, la vitesse et la qualit\u00e9 finale ne peuvent \u00eatre garanties par nous.<\/p><p><strong>17. Fumer :<\/strong><br \/>Fumer est interdit dans toutes les villas. Fumer \u00e0 l&rsquo;ext\u00e9rieur est autoris\u00e9, cependant, nous conseillons d&rsquo;utiliser des cendriers remplis d&rsquo;eau (risque d&rsquo;incendie), nous attendons des locataires qu&rsquo;ils nettoient les cendriers avant leur d\u00e9part. Les m\u00e9gots de cigarettes trouv\u00e9s dans ou autour de la piscine, ou dans le jardin seront p\u00e9nalis\u00e9s par une d\u00e9duction sur la caution.<\/p><p><strong>18. Objets perdus et trouv\u00e9s :<\/strong><br \/>Si un locataire perd ou laisse par inadvertance (dans ou autour de la villa) un ou plusieurs objet(s) (de valeur), nous ferons tout notre possible pour r\u00e9cup\u00e9rer\/localiser le(s) objet(s). Nous en informerons le locataire et lui demanderons comment proc\u00e9der. Les \u00e9ventuels frais de manutention et postaux qui en d\u00e9coulent seront calcul\u00e9s.<\/p><p><strong>19. Expulsion<\/strong><br \/>En cas d&rsquo;expulsion, les locataires perdent leur droit \u00e0 un remboursement.<br \/>Les conditions ci-dessus ont pour but de prot\u00e9ger \u00e0 la fois les int\u00e9r\u00eats et les droits des propri\u00e9taires ainsi que les int\u00e9r\u00eats et les droits des locataires et des locataires suivants. Les conditions ci-dessus permettront \u00e9galement \u00e0 Quality Estates de maintenir un niveau \u00e9lev\u00e9 d&rsquo;hygi\u00e8ne et de confort tout au long de la saison de location.<\/p><p><em><strong>Ce site web est con\u00e7u et contr\u00f4l\u00e9 avec le plus grand soin. Quality Estates n&rsquo;accepte aucune responsabilit\u00e9 quelle qu&rsquo;elle soit r\u00e9sultant de tout d\u00e9sagr\u00e9ment caus\u00e9 par des changements de derni\u00e8re minute hors de leur connaissance ou de leur contr\u00f4le.<\/strong><\/em><\/p><\/div><\/div>\t\t\t\t\t\t\t\t<\/div>\n\t\t\t\t<\/div>\n\t\t\t\t\t<\/div>\n\t\t<\/div>\n\t\t\t\t\t<\/div>\n\t\t<\/section>\n\t\t\t\t\t<\/div>\n\t\t<\/div>\n\t\t\t\t\t<\/div>\n\t\t<\/section>\n\t\t\t\t<section class=\"elementor-section elementor-top-section elementor-element elementor-element-c396b17 elementor-hidden-desktop elementor-hidden-tablet elementor-section-boxed elementor-section-height-default elementor-section-height-default\" data-id=\"c396b17\" data-element_type=\"section\" data-e-type=\"section\">\n\t\t\t\t\t\t<div class=\"elementor-container elementor-column-gap-default\">\n\t\t\t\t\t<div class=\"elementor-column elementor-col-100 elementor-top-column elementor-element elementor-element-a543143\" data-id=\"a543143\" data-element_type=\"column\" data-e-type=\"column\">\n\t\t\t<div class=\"elementor-widget-wrap elementor-element-populated\">\n\t\t\t\t\t\t<div class=\"elementor-element elementor-element-d1c5436 elementor-widget elementor-widget-heading\" data-id=\"d1c5436\" data-element_type=\"widget\" data-e-type=\"widget\" data-widget_type=\"heading.default\">\n\t\t\t\t<div class=\"elementor-widget-container\">\n\t\t\t\t\t<h2 class=\"elementor-heading-title elementor-size-default\">Who are we?<\/h2>\t\t\t\t<\/div>\n\t\t\t\t<\/div>\n\t\t\t\t<div class=\"elementor-element elementor-element-7a5dda1 elementor-widget-divider--view-line elementor-widget elementor-widget-divider\" data-id=\"7a5dda1\" data-element_type=\"widget\" data-e-type=\"widget\" data-widget_type=\"divider.default\">\n\t\t\t\t<div class=\"elementor-widget-container\">\n\t\t\t\t\t\t\t<div class=\"elementor-divider\">\n\t\t\t<span class=\"elementor-divider-separator\">\n\t\t\t\t\t\t<\/span>\n\t\t<\/div>\n\t\t\t\t\t\t<\/div>\n\t\t\t\t<\/div>\n\t\t\t\t<div class=\"elementor-element elementor-element-5c487de elementor-widget elementor-widget-image\" data-id=\"5c487de\" data-element_type=\"widget\" data-e-type=\"widget\" data-widget_type=\"image.default\">\n\t\t\t\t<div class=\"elementor-widget-container\">\n\t\t\t\t\t\t\t\t\t\t\t\t\t\t\t<img fetchpriority=\"high\" decoding=\"async\" width=\"800\" height=\"437\" src=\"https:\/\/quality-renting.com\/wp-content\/uploads\/2022\/12\/thumb_IMG_3120_1024-2-1024x559.jpg\" class=\"attachment-large size-large wp-image-5795\" alt=\"\" srcset=\"https:\/\/quality-renting.com\/wp-content\/uploads\/2022\/12\/thumb_IMG_3120_1024-2-1024x559.jpg 1024w, https:\/\/quality-renting.com\/wp-content\/uploads\/2022\/12\/thumb_IMG_3120_1024-2-300x164.jpg 300w, https:\/\/quality-renting.com\/wp-content\/uploads\/2022\/12\/thumb_IMG_3120_1024-2-768x419.jpg 768w, https:\/\/quality-renting.com\/wp-content\/uploads\/2022\/12\/thumb_IMG_3120_1024-2.jpg 1200w\" sizes=\"(max-width: 800px) 100vw, 800px\" title=\"\">\t\t\t\t\t\t\t\t\t\t\t\t\t\t\t<\/div>\n\t\t\t\t<\/div>\n\t\t\t\t<div class=\"elementor-element elementor-element-4949c6d elementor-widget elementor-widget-heading\" data-id=\"4949c6d\" data-element_type=\"widget\" data-e-type=\"widget\" data-widget_type=\"heading.default\">\n\t\t\t\t<div class=\"elementor-widget-container\">\n\t\t\t\t\t<h2 class=\"elementor-heading-title elementor-size-default\">Our story<\/h2>\t\t\t\t<\/div>\n\t\t\t\t<\/div>\n\t\t\t\t<div class=\"elementor-element elementor-element-649762e elementor-widget-divider--view-line elementor-widget elementor-widget-divider\" data-id=\"649762e\" data-element_type=\"widget\" data-e-type=\"widget\" data-widget_type=\"divider.default\">\n\t\t\t\t<div class=\"elementor-widget-container\">\n\t\t\t\t\t\t\t<div class=\"elementor-divider\">\n\t\t\t<span class=\"elementor-divider-separator\">\n\t\t\t\t\t\t<\/span>\n\t\t<\/div>\n\t\t\t\t\t\t<\/div>\n\t\t\t\t<\/div>\n\t\t\t\t<div class=\"elementor-element elementor-element-a3cb4d1 elementor-widget elementor-widget-text-editor\" data-id=\"a3cb4d1\" data-element_type=\"widget\" data-e-type=\"widget\" data-widget_type=\"text-editor.default\">\n\t\t\t\t<div class=\"elementor-widget-container\">\n\t\t\t\t\t\t\t\t\t<p>Quality Estates is a real estate agency with a full range of services in the beautiful Golden Triangle of the Costa Brava. In the area there are towns such as Palam\u00f3s, Sant Antoni, Calonge, Praja de Aro, Santa Cristina and San Feliu de Guisols.<\/p><p>Quality Estates has over 20 years of experience in the region and over a quarter century of providing cost-effective, quality real estate services. Our team is fully committed to meeting the unique needs of our clients, whether those needs are simple or complex.<\/p>\t\t\t\t\t\t\t\t<\/div>\n\t\t\t\t<\/div>\n\t\t\t\t<div class=\"elementor-element elementor-element-5b9f173 elementor-align-left elementor-widget elementor-widget-button\" data-id=\"5b9f173\" data-element_type=\"widget\" data-e-type=\"widget\" data-widget_type=\"button.default\">\n\t\t\t\t<div class=\"elementor-widget-container\">\n\t\t\t\t\t\t\t\t\t<div class=\"elementor-button-wrapper\">\n\t\t\t\t\t<a class=\"elementor-button elementor-button-link elementor-size-sm\" href=\"https:\/\/www.qeibiza.es\/contact\/\" target=\"_blank\" rel=\"noopener\">\n\t\t\t\t\t\t<span class=\"elementor-button-content-wrapper\">\n\t\t\t\t\t\t\t\t\t<span class=\"elementor-button-text\">CONTACT US<\/span>\n\t\t\t\t\t<\/span>\n\t\t\t\t\t<\/a>\n\t\t\t\t<\/div>\n\t\t\t\t\t\t\t\t<\/div>\n\t\t\t\t<\/div>\n\t\t\t\t\t<\/div>\n\t\t<\/div>\n\t\t\t\t\t<\/div>\n\t\t<\/section>\n\t\t\t\t<\/div>\n\t\t","protected":false},"excerpt":{"rendered":"<p>VOIR VILLAS Conditions de location Conditions de location d&rsquo;une maison de vacances 1. Arriv\u00e9e et d\u00e9partLa plupart des changements se font le samedi. Le logement est disponible \u00e0 partir de 16h00. Nous vous demandons d&rsquo;arriver entre 16h00 et 18h00. Si cela n&rsquo;est pas possible, veuillez informer Quality Estates bien \u00e0 l&rsquo;avance de votre heure d&rsquo;arriv\u00e9e [&hellip;]<\/p>\n","protected":false},"author":2,"featured_media":0,"parent":0,"menu_order":0,"comment_status":"closed","ping_status":"closed","template":"","meta":{"footnotes":""},"class_list":["post-5978","page","type-page","status-publish","hentry"],"_links":{"self":[{"href":"https:\/\/quality-renting.com\/fr\/wp-json\/wp\/v2\/pages\/5978","targetHints":{"allow":["GET"]}}],"collection":[{"href":"https:\/\/quality-renting.com\/fr\/wp-json\/wp\/v2\/pages"}],"about":[{"href":"https:\/\/quality-renting.com\/fr\/wp-json\/wp\/v2\/types\/page"}],"author":[{"embeddable":true,"href":"https:\/\/quality-renting.com\/fr\/wp-json\/wp\/v2\/users\/2"}],"replies":[{"embeddable":true,"href":"https:\/\/quality-renting.com\/fr\/wp-json\/wp\/v2\/comments?post=5978"}],"version-history":[{"count":4,"href":"https:\/\/quality-renting.com\/fr\/wp-json\/wp\/v2\/pages\/5978\/revisions"}],"predecessor-version":[{"id":7392,"href":"https:\/\/quality-renting.com\/fr\/wp-json\/wp\/v2\/pages\/5978\/revisions\/7392"}],"wp:attachment":[{"href":"https:\/\/quality-renting.com\/fr\/wp-json\/wp\/v2\/media?parent=5978"}],"curies":[{"name":"wp","href":"https:\/\/api.w.org\/{rel}","templated":true}]}}