{"id":5965,"date":"2022-11-17T08:45:19","date_gmt":"2022-11-17T07:45:19","guid":{"rendered":"http:\/\/www.qeibiza.es\/?page_id=5965"},"modified":"2024-02-06T11:00:45","modified_gmt":"2024-02-06T10:00:45","slug":"privacy-policy-fr","status":"publish","type":"page","link":"https:\/\/quality-renting.com\/fr\/privacy-policy-fr\/","title":{"rendered":"Privacy policy FR"},"content":{"rendered":"\t\t<div data-elementor-type=\"wp-page\" data-elementor-id=\"5965\" class=\"elementor elementor-5965 elementor-3\" data-elementor-post-type=\"page\">\n\t\t\t\t\t\t<section class=\"elementor-section elementor-top-section elementor-element elementor-element-80fa801 elementor-section-height-min-height elementor-section-boxed elementor-section-height-default elementor-section-items-middle\" data-id=\"80fa801\" data-element_type=\"section\" data-e-type=\"section\" data-settings=\"{&quot;background_background&quot;:&quot;classic&quot;}\">\n\t\t\t\t\t\t<div class=\"elementor-container elementor-column-gap-default\">\n\t\t\t\t\t<div class=\"elementor-column elementor-col-100 elementor-top-column elementor-element elementor-element-ee11d52\" data-id=\"ee11d52\" data-element_type=\"column\" data-e-type=\"column\">\n\t\t\t<div class=\"elementor-widget-wrap elementor-element-populated\">\n\t\t\t\t\t\t<div class=\"elementor-element elementor-element-2aefce8 elementor-widget__width-auto elementor-absolute elementor-icon-list--layout-traditional elementor-list-item-link-full_width elementor-widget elementor-widget-icon-list\" data-id=\"2aefce8\" data-element_type=\"widget\" data-e-type=\"widget\" data-settings=\"{&quot;_position&quot;:&quot;absolute&quot;}\" data-widget_type=\"icon-list.default\">\n\t\t\t\t<div class=\"elementor-widget-container\">\n\t\t\t\t\t\t\t<ul class=\"elementor-icon-list-items\">\n\t\t\t\t\t\t\t<li class=\"elementor-icon-list-item\">\n\t\t\t\t\t\t\t\t\t\t\t<span class=\"elementor-icon-list-icon\">\n\t\t\t\t\t\t\t<svg xmlns=\"http:\/\/www.w3.org\/2000\/svg\" height=\"20\" width=\"20\"><path d=\"M8.375 18.375 0 10l8.375-8.375 1.792 1.792L3.583 10l6.584 6.583Z\"><\/path><\/svg>\t\t\t\t\t\t<\/span>\n\t\t\t\t\t\t\t\t\t\t<span class=\"elementor-icon-list-text\">VOIR VILLAS<\/span>\n\t\t\t\t\t\t\t\t\t<\/li>\n\t\t\t\t\t\t<\/ul>\n\t\t\t\t\t\t<\/div>\n\t\t\t\t<\/div>\n\t\t\t\t<div class=\"elementor-element elementor-element-9d7aaeb elementor-widget elementor-widget-heading\" data-id=\"9d7aaeb\" data-element_type=\"widget\" data-e-type=\"widget\" data-widget_type=\"heading.default\">\n\t\t\t\t<div class=\"elementor-widget-container\">\n\t\t\t\t\t<h2 class=\"elementor-heading-title elementor-size-default\">Politique de confidentialit\u00e9<\/h2>\t\t\t\t<\/div>\n\t\t\t\t<\/div>\n\t\t\t\t\t<\/div>\n\t\t<\/div>\n\t\t\t\t\t<\/div>\n\t\t<\/section>\n\t\t\t\t<section class=\"elementor-section elementor-top-section elementor-element elementor-element-846ea37 elementor-hidden-mobile elementor-section-boxed elementor-section-height-default elementor-section-height-default\" data-id=\"846ea37\" data-element_type=\"section\" data-e-type=\"section\">\n\t\t\t\t\t\t<div class=\"elementor-container elementor-column-gap-default\">\n\t\t\t\t\t<div class=\"elementor-column elementor-col-100 elementor-top-column elementor-element elementor-element-5d8406f\" data-id=\"5d8406f\" data-element_type=\"column\" data-e-type=\"column\">\n\t\t\t<div class=\"elementor-widget-wrap elementor-element-populated\">\n\t\t\t\t\t\t<section class=\"elementor-section elementor-inner-section elementor-element elementor-element-1a1b358 elementor-section-boxed elementor-section-height-default elementor-section-height-default\" data-id=\"1a1b358\" data-element_type=\"section\" data-e-type=\"section\">\n\t\t\t\t\t\t<div class=\"elementor-container elementor-column-gap-default\">\n\t\t\t\t\t<div class=\"elementor-column elementor-col-100 elementor-inner-column elementor-element elementor-element-2a446a7\" data-id=\"2a446a7\" data-element_type=\"column\" data-e-type=\"column\">\n\t\t\t<div class=\"elementor-widget-wrap elementor-element-populated\">\n\t\t\t\t\t\t<div class=\"elementor-element elementor-element-812c2de elementor-widget elementor-widget-heading\" data-id=\"812c2de\" data-element_type=\"widget\" data-e-type=\"widget\" data-widget_type=\"heading.default\">\n\t\t\t\t<div class=\"elementor-widget-container\">\n\t\t\t\t\t<h2 class=\"elementor-heading-title elementor-size-default\">Politique de confidentialit\u00e9 Quality Estates S.L.<\/h2>\t\t\t\t<\/div>\n\t\t\t\t<\/div>\n\t\t\t\t\t<\/div>\n\t\t<\/div>\n\t\t\t\t\t<\/div>\n\t\t<\/section>\n\t\t\t\t<div class=\"elementor-element elementor-element-d2dff8f elementor-widget-divider--view-line elementor-widget elementor-widget-divider\" data-id=\"d2dff8f\" data-element_type=\"widget\" data-e-type=\"widget\" data-widget_type=\"divider.default\">\n\t\t\t\t<div class=\"elementor-widget-container\">\n\t\t\t\t\t\t\t<div class=\"elementor-divider\">\n\t\t\t<span class=\"elementor-divider-separator\">\n\t\t\t\t\t\t<\/span>\n\t\t<\/div>\n\t\t\t\t\t\t<\/div>\n\t\t\t\t<\/div>\n\t\t\t\t<section class=\"elementor-section elementor-inner-section elementor-element elementor-element-838279a elementor-section-boxed elementor-section-height-default elementor-section-height-default\" data-id=\"838279a\" data-element_type=\"section\" data-e-type=\"section\">\n\t\t\t\t\t\t<div class=\"elementor-container elementor-column-gap-default\">\n\t\t\t\t\t<div class=\"elementor-column elementor-col-100 elementor-inner-column elementor-element elementor-element-65e1a01\" data-id=\"65e1a01\" data-element_type=\"column\" data-e-type=\"column\">\n\t\t\t<div class=\"elementor-widget-wrap elementor-element-populated\">\n\t\t\t\t\t\t<div class=\"elementor-element elementor-element-72d7225 elementor-widget elementor-widget-text-editor\" data-id=\"72d7225\" data-element_type=\"widget\" data-e-type=\"widget\" data-widget_type=\"text-editor.default\">\n\t\t\t\t<div class=\"elementor-widget-container\">\n\t\t\t\t\t\t\t\t\t<div class=\"elementor-element elementor-element-b70b561 elementor-widget elementor-widget-heading\" data-id=\"b70b561\" data-element_type=\"widget\" data-widget_type=\"heading.default\"><div class=\"elementor-widget-container\"><p><strong>1- Coordonn\u00e9es du responsable du traitement<\/strong><\/p><p>Raison sociale : QUALITY ESTATES SL (ci-apr\u00e8s, la \u00ab\u00a0Soci\u00e9t\u00e9\u00a0\u00bb ou le \u00ab\u00a0Responsable\u00a0\u00bb). CIF : B17729963<br \/>Adresse : AVDA. CATALUNYA N\u00ba 8 local 3 &#8211; 17252 &#8211; SANT ANTONI DE CALONGE &#8211; GIRONA<br \/>T\u00e9l\u00e9phone : +34 972 653 955<br \/>Email pour les communications dans le domaine de la protection des donn\u00e9es : info@quality-estates.com<\/p><p><strong>R\u00e9glementation applicable<\/strong><\/p><p>Notre politique de confidentialit\u00e9 a \u00e9t\u00e9 con\u00e7ue conform\u00e9ment au R\u00e8glement g\u00e9n\u00e9ral sur la protection des donn\u00e9es 2016\/679 du Parlement europ\u00e9en et du Conseil, du 27 avril 2016, concernant la protection des personnes \u00e0 l&rsquo;\u00e9gard du traitement des donn\u00e9es \u00e0 caract\u00e8re personnel et la libre circulation de ces donn\u00e9es et abrogeant la directive 95\/46 CE (R\u00e8glement g\u00e9n\u00e9ral sur la protection des donn\u00e9es), et dans ce qui ne contredit pas le r\u00e8glement susmentionn\u00e9, tel que pr\u00e9vu dans le cadre l\u00e9gislatif espagnol dans le domaine de la Protection aux donn\u00e9es personnelles.<\/p><p>En nous fournissant vos donn\u00e9es, vous d\u00e9clarez avoir lu et compris la pr\u00e9sente politique de confidentialit\u00e9, en donnant votre consentement expr\u00e8s et sans \u00e9quivoque au traitement de vos donn\u00e9es personnelles en conformit\u00e9 avec les objectifs et le terme exprim\u00e9 ici.<\/p><p>La Soci\u00e9t\u00e9 pourra modifier cette politique de confidentialit\u00e9 pour l&rsquo;adapter aux nouvelles dispositions l\u00e9gislatives, jurisprudentielles ou d&rsquo;interpr\u00e9tation de l&rsquo;Agence espagnole de protection des donn\u00e9es. Ces conditions de confidentialit\u00e9 peuvent \u00eatre compl\u00e9t\u00e9es par l&rsquo;Avis L\u00e9gal, la Politique de Cookies et les Conditions G\u00e9n\u00e9rales qui, le cas \u00e9ch\u00e9ant, sont recueillies pour certains produits ou services, si cet acc\u00e8s implique une sp\u00e9cialit\u00e9 en mati\u00e8re de protection des donn\u00e9es personnelles.<\/p><p><strong>1.2 D\u00e9l\u00e9gu\u00e9 \u00e0 la protection des donn\u00e9es<\/strong><\/p><p>La soci\u00e9t\u00e9 dispose d&rsquo;un D\u00e9l\u00e9gu\u00e9 \u00e0 la protection des donn\u00e9es.<\/p><p><strong>2- FINALIT\u00c9 DU TRAITEMENT DES DONN\u00c9ES PERSONNELLES<\/strong><\/p><p>Le traitement que nous effectuons de vos donn\u00e9es personnelles r\u00e9pond aux objectifs suivants :<\/p><p>&#8211; Fournir des informations relatives aux produits et services offerts par notre entreprise et d\u00e9taill\u00e9s dans ce site web.<\/p><p>&#8211; Faire le contrat de nos services en acceptant le budget correspondant \/ commande et \/ ou en signant un contrat commercial.<br \/>&#8211; Vous envoyer par courrier \u00e9lectronique et \/ ou postal des nouvelles et des nouvelles de notre entit\u00e9, ainsi que des mises \u00e0 jour de notre catalogue de produits et services.<\/p><p><strong>2.1 P\u00e9riode de conservation de vos donn\u00e9es<\/strong><\/p><p>Nous conserverons vos donn\u00e9es personnelles \u00e0 partir du moment o\u00f9 vous donnez votre consentement jusqu&rsquo;\u00e0 ce que vous le r\u00e9voquiez ou demandiez la limitation du traitement. Dans ce cas, nous conserverons vos donn\u00e9es bloqu\u00e9es pendant les d\u00e9lais l\u00e9galement requis.<\/p><p><strong>&#8211; L\u00c9GITIMIT\u00c9 ET DONN\u00c9ES COLLECT\u00c9ES<\/strong><\/p><p>La l\u00e9gitimit\u00e9 du traitement de vos donn\u00e9es est le consentement expr\u00e8s accord\u00e9 par un acte positif et affirmatif (remplir le formulaire correspondant et cocher la case d&rsquo;acceptation de la politique) au moment o\u00f9 vous nous fournissez vos informations personnelles.<\/p><p><strong>3.1 Consentement au traitement de vos donn\u00e9es<\/strong><\/p><p>En remplissant les conditions, en cochant la case \u00ab\u00a0J&rsquo;accepte la politique de confidentialit\u00e9\u00a0\u00bb et en cliquant pour envoyer les donn\u00e9es, ou en envoyant des courriers \u00e9lectroniques \u00e0 la Soci\u00e9t\u00e9 \u00e0 travers les comptes activ\u00e9s \u00e0 cet effet, l&rsquo;Utilisateur d\u00e9clare avoir lu et accept\u00e9 express\u00e9ment la pr\u00e9sente politique de confidentialit\u00e9, et donne son consentement expr\u00e8s et sans \u00e9quivoque au traitement de ses donn\u00e9es personnelles selon les finalit\u00e9s indiqu\u00e9es.<\/p><p><strong>3.2 Cat\u00e9gories de donn\u00e9es<\/strong><\/p><p>Les donn\u00e9es recueillies se r\u00e9f\u00e8rent \u00e0 la cat\u00e9gorie des donn\u00e9es d&rsquo;identification, telles que : Nom et pr\u00e9nom, T\u00e9l\u00e9phone, Adresse postale, Soci\u00e9t\u00e9, Email, ainsi que l&rsquo;adresse IP \u00e0 partir de laquelle vous acc\u00e9dez au formulaire de collecte de donn\u00e9es.<\/p><p><strong>4- MESURES DE S\u00c9CURIT\u00c9<\/strong><\/p><p>Dans le cadre de notre engagement \u00e0 garantir la s\u00e9curit\u00e9 et la confidentialit\u00e9 de vos donn\u00e9es personnelles, nous vous informons que les mesures techniques et organisationnelles n\u00e9cessaires ont \u00e9t\u00e9 adopt\u00e9es pour garantir la s\u00e9curit\u00e9 des donn\u00e9es personnelles et \u00e9viter leur alt\u00e9ration, perte, traitement ou acc\u00e8s non autoris\u00e9, compte tenu de l&rsquo;\u00e9tat de la technologie, de la nature des donn\u00e9es stock\u00e9es et des risques auxquels elles sont expos\u00e9es, conform\u00e9ment \u00e0 l&rsquo;art. 32 du RGPD UE 679\/2016<\/p><p><strong>5- CESSION DE DONN\u00c9ES<\/strong><\/p><p>Aucun transfert de donn\u00e9es ou transfert international de vos donn\u00e9es n&rsquo;est pr\u00e9vu, \u00e0 l&rsquo;exception de ceux autoris\u00e9s par la l\u00e9gislation fiscale, commerciale et des t\u00e9l\u00e9communications, ainsi que dans les cas o\u00f9 une autorit\u00e9 judiciaire nous y oblige.<\/p><\/div><\/div><div class=\"elementor-element elementor-element-7e0f3ec elementor-widget elementor-widget-text-editor\" data-id=\"7e0f3ec\" data-element_type=\"widget\" data-widget_type=\"text-editor.default\"><div class=\"elementor-widget-container\"><div class=\"spotlight\"><div class=\"s-text osLight\"><div class=\"spotlight\"><div class=\"s-text osLight\"><p><strong>6 &#8211; DROITS DE L&rsquo;UTILISATEUR<\/strong><br \/>Toute personne int\u00e9ress\u00e9e a le droit d&rsquo;obtenir la confirmation que nous traitons ou non les donn\u00e9es personnelles la concernant. Les personnes int\u00e9ress\u00e9es ont le droit d&rsquo;acc\u00e9der \u00e0 leurs donn\u00e9es personnelles, ainsi que de demander la rectification des donn\u00e9es inexactes ou, le cas \u00e9ch\u00e9ant, de demander leur suppression lorsque, entre autres raisons, les donn\u00e9es ne sont plus n\u00e9cessaires aux fins<br \/>qui ont \u00e9t\u00e9 collect\u00e9es. Dans certaines circonstances, les int\u00e9ress\u00e9s peuvent demander la limitation du traitement de leurs donn\u00e9es, auquel cas nous ne les conserverons que pour l&rsquo;exercice ou la d\u00e9fense de revendications. Pour des raisons li\u00e9es \u00e0 leur situation particuli\u00e8re, les int\u00e9ress\u00e9s peuvent s&rsquo;opposer au traitement de leurs donn\u00e9es. Le Responsable du traitement cessera de traiter les donn\u00e9es, sauf pour des raisons l\u00e9gitimes imp\u00e9rieuses, ou pour l&rsquo;exercice ou la d\u00e9fense d&rsquo;\u00e9ventuelles r\u00e9clamations.<\/p><p>Conform\u00e9ment \u00e0 la l\u00e9gislation en vigueur, vous avez les droits suivants : droit de demander l&rsquo;acc\u00e8s \u00e0 vos donn\u00e9es personnelles, droit de demander la rectification ou l&rsquo;effacement, droit de demander la limitation de votre traitement, droit de s&rsquo;opposer au traitement, droit \u00e0 la portabilit\u00e9 des donn\u00e9es et de m\u00eame, de r\u00e9voquer le consentement accord\u00e9.<\/p><p><strong>6.1. Comment exercer mes droits ?<\/strong><br \/>Pour exercer vos droits, vous devez vous adresser au responsable, en demandant le formulaire correspondant \u00e0 l&rsquo;exercice du droit choisi. En option, vous pouvez vous adresser \u00e0 l&rsquo;Autorit\u00e9 de<br \/>contr\u00f4le comp\u00e9tente pour obtenir des informations suppl\u00e9mentaires sur vos droits. Les coordonn\u00e9es pour l&rsquo;exercice de vos droits sont le t\u00e9l\u00e9phone 972653955 et l&#8217;email :<br \/>info@quality-estates.com. N&rsquo;oubliez pas d&rsquo;accompagner votre demande d&rsquo;une copie d&rsquo;un document permettant de vous identifier.<\/p><p><strong>7 &#8211; CONSENTEMENT \u00c0 L&rsquo;ENVOI DE COMMUNICATIONS \u00c9LECTRONIQUES<\/strong><br \/>De m\u00eame, et conform\u00e9ment aux dispositions de la loi 34\/2002, du 11 Juillet, Services de la soci\u00e9t\u00e9 de l&rsquo;information et du commerce \u00e9lectronique, en remplissant le formulaire de collecte<br \/>de donn\u00e9es et en marquant la case correspondante \u00ab\u00a0J&rsquo;accepte l&rsquo;envoi de communications \u00e9lectroniques\u00a0\u00bb, c&rsquo;est accorder le consentement expr\u00e8s pour envoyer \u00e0 votre adresse e-mail, t\u00e9l\u00e9phone, fax ou autres moyens \u00e9lectroniques dans l&rsquo;envoi d&rsquo;informations sur la Soci\u00e9t\u00e9.\u00a0<\/p><\/div><\/div><\/div><\/div><\/div><\/div>\t\t\t\t\t\t\t\t<\/div>\n\t\t\t\t<\/div>\n\t\t\t\t\t<\/div>\n\t\t<\/div>\n\t\t\t\t\t<\/div>\n\t\t<\/section>\n\t\t\t\t\t<\/div>\n\t\t<\/div>\n\t\t\t\t\t<\/div>\n\t\t<\/section>\n\t\t\t\t<section class=\"elementor-section elementor-top-section elementor-element elementor-element-3c8a2f7 elementor-hidden-desktop elementor-hidden-tablet elementor-section-boxed elementor-section-height-default elementor-section-height-default\" data-id=\"3c8a2f7\" data-element_type=\"section\" data-e-type=\"section\">\n\t\t\t\t\t\t<div class=\"elementor-container elementor-column-gap-default\">\n\t\t\t\t\t<div class=\"elementor-column elementor-col-100 elementor-top-column elementor-element elementor-element-62644e3\" data-id=\"62644e3\" data-element_type=\"column\" data-e-type=\"column\">\n\t\t\t<div class=\"elementor-widget-wrap elementor-element-populated\">\n\t\t\t\t\t\t<div class=\"elementor-element elementor-element-20bfe6f elementor-widget elementor-widget-heading\" data-id=\"20bfe6f\" data-element_type=\"widget\" data-e-type=\"widget\" data-widget_type=\"heading.default\">\n\t\t\t\t<div class=\"elementor-widget-container\">\n\t\t\t\t\t<h2 class=\"elementor-heading-title elementor-size-default\">Who are we?<\/h2>\t\t\t\t<\/div>\n\t\t\t\t<\/div>\n\t\t\t\t<div class=\"elementor-element elementor-element-7110946 elementor-widget-divider--view-line elementor-widget elementor-widget-divider\" data-id=\"7110946\" data-element_type=\"widget\" data-e-type=\"widget\" data-widget_type=\"divider.default\">\n\t\t\t\t<div class=\"elementor-widget-container\">\n\t\t\t\t\t\t\t<div class=\"elementor-divider\">\n\t\t\t<span class=\"elementor-divider-separator\">\n\t\t\t\t\t\t<\/span>\n\t\t<\/div>\n\t\t\t\t\t\t<\/div>\n\t\t\t\t<\/div>\n\t\t\t\t<div class=\"elementor-element elementor-element-aee669f elementor-widget elementor-widget-image\" data-id=\"aee669f\" data-element_type=\"widget\" data-e-type=\"widget\" data-widget_type=\"image.default\">\n\t\t\t\t<div class=\"elementor-widget-container\">\n\t\t\t\t\t\t\t\t\t\t\t\t\t\t\t<img fetchpriority=\"high\" decoding=\"async\" width=\"800\" height=\"437\" src=\"https:\/\/quality-renting.com\/wp-content\/uploads\/2022\/12\/thumb_IMG_3120_1024-2-1024x559.jpg\" class=\"attachment-large size-large wp-image-5795\" alt=\"\" srcset=\"https:\/\/quality-renting.com\/wp-content\/uploads\/2022\/12\/thumb_IMG_3120_1024-2-1024x559.jpg 1024w, https:\/\/quality-renting.com\/wp-content\/uploads\/2022\/12\/thumb_IMG_3120_1024-2-300x164.jpg 300w, https:\/\/quality-renting.com\/wp-content\/uploads\/2022\/12\/thumb_IMG_3120_1024-2-768x419.jpg 768w, https:\/\/quality-renting.com\/wp-content\/uploads\/2022\/12\/thumb_IMG_3120_1024-2.jpg 1200w\" sizes=\"(max-width: 800px) 100vw, 800px\" title=\"\">\t\t\t\t\t\t\t\t\t\t\t\t\t\t\t<\/div>\n\t\t\t\t<\/div>\n\t\t\t\t<div class=\"elementor-element elementor-element-6ef9e36 elementor-widget elementor-widget-heading\" data-id=\"6ef9e36\" data-element_type=\"widget\" data-e-type=\"widget\" data-widget_type=\"heading.default\">\n\t\t\t\t<div class=\"elementor-widget-container\">\n\t\t\t\t\t<h2 class=\"elementor-heading-title elementor-size-default\">Our story<\/h2>\t\t\t\t<\/div>\n\t\t\t\t<\/div>\n\t\t\t\t<div class=\"elementor-element elementor-element-e878f65 elementor-widget-divider--view-line elementor-widget elementor-widget-divider\" data-id=\"e878f65\" data-element_type=\"widget\" data-e-type=\"widget\" data-widget_type=\"divider.default\">\n\t\t\t\t<div class=\"elementor-widget-container\">\n\t\t\t\t\t\t\t<div class=\"elementor-divider\">\n\t\t\t<span class=\"elementor-divider-separator\">\n\t\t\t\t\t\t<\/span>\n\t\t<\/div>\n\t\t\t\t\t\t<\/div>\n\t\t\t\t<\/div>\n\t\t\t\t<div class=\"elementor-element elementor-element-32f6f76 elementor-widget elementor-widget-text-editor\" data-id=\"32f6f76\" data-element_type=\"widget\" data-e-type=\"widget\" data-widget_type=\"text-editor.default\">\n\t\t\t\t<div class=\"elementor-widget-container\">\n\t\t\t\t\t\t\t\t\t<p>Quality Estates is a real estate agency with a full range of services in the beautiful Golden Triangle of the Costa Brava. In the area there are towns such as Palam\u00f3s, Sant Antoni, Calonge, Praja de Aro, Santa Cristina and San Feliu de Guisols.<\/p><p>Quality Estates has over 20 years of experience in the region and over a quarter century of providing cost-effective, quality real estate services. Our team is fully committed to meeting the unique needs of our clients, whether those needs are simple or complex.<\/p>\t\t\t\t\t\t\t\t<\/div>\n\t\t\t\t<\/div>\n\t\t\t\t<div class=\"elementor-element elementor-element-1ccb938 elementor-align-left elementor-widget elementor-widget-button\" data-id=\"1ccb938\" data-element_type=\"widget\" data-e-type=\"widget\" data-widget_type=\"button.default\">\n\t\t\t\t<div class=\"elementor-widget-container\">\n\t\t\t\t\t\t\t\t\t<div class=\"elementor-button-wrapper\">\n\t\t\t\t\t<a class=\"elementor-button elementor-button-link elementor-size-sm\" href=\"https:\/\/www.qeibiza.es\/contact\/\" target=\"_blank\" rel=\"noopener\">\n\t\t\t\t\t\t<span class=\"elementor-button-content-wrapper\">\n\t\t\t\t\t\t\t\t\t<span class=\"elementor-button-text\">CONTACT US<\/span>\n\t\t\t\t\t<\/span>\n\t\t\t\t\t<\/a>\n\t\t\t\t<\/div>\n\t\t\t\t\t\t\t\t<\/div>\n\t\t\t\t<\/div>\n\t\t\t\t\t<\/div>\n\t\t<\/div>\n\t\t\t\t\t<\/div>\n\t\t<\/section>\n\t\t\t\t<\/div>\n\t\t","protected":false},"excerpt":{"rendered":"<p>VOIR VILLAS Politique de confidentialit\u00e9 Politique de confidentialit\u00e9 Quality Estates S.L. 1- Coordonn\u00e9es du responsable du traitement Raison sociale : QUALITY ESTATES SL (ci-apr\u00e8s, la \u00ab\u00a0Soci\u00e9t\u00e9\u00a0\u00bb ou le \u00ab\u00a0Responsable\u00a0\u00bb). CIF : B17729963Adresse : AVDA. CATALUNYA N\u00ba 8 local 3 &#8211; 17252 &#8211; SANT ANTONI DE CALONGE &#8211; GIRONAT\u00e9l\u00e9phone : +34 972 653 955Email pour les [&hellip;]<\/p>\n","protected":false},"author":2,"featured_media":0,"parent":0,"menu_order":0,"comment_status":"closed","ping_status":"closed","template":"","meta":{"footnotes":""},"class_list":["post-5965","page","type-page","status-publish","hentry"],"_links":{"self":[{"href":"https:\/\/quality-renting.com\/fr\/wp-json\/wp\/v2\/pages\/5965","targetHints":{"allow":["GET"]}}],"collection":[{"href":"https:\/\/quality-renting.com\/fr\/wp-json\/wp\/v2\/pages"}],"about":[{"href":"https:\/\/quality-renting.com\/fr\/wp-json\/wp\/v2\/types\/page"}],"author":[{"embeddable":true,"href":"https:\/\/quality-renting.com\/fr\/wp-json\/wp\/v2\/users\/2"}],"replies":[{"embeddable":true,"href":"https:\/\/quality-renting.com\/fr\/wp-json\/wp\/v2\/comments?post=5965"}],"version-history":[{"count":1,"href":"https:\/\/quality-renting.com\/fr\/wp-json\/wp\/v2\/pages\/5965\/revisions"}],"predecessor-version":[{"id":7230,"href":"https:\/\/quality-renting.com\/fr\/wp-json\/wp\/v2\/pages\/5965\/revisions\/7230"}],"wp:attachment":[{"href":"https:\/\/quality-renting.com\/fr\/wp-json\/wp\/v2\/media?parent=5965"}],"curies":[{"name":"wp","href":"https:\/\/api.w.org\/{rel}","templated":true}]}}