{"id":5943,"date":"2022-12-16T07:38:45","date_gmt":"2022-12-16T06:38:45","guid":{"rendered":"http:\/\/www.qeibiza.es\/?page_id=5943"},"modified":"2024-06-17T11:24:22","modified_gmt":"2024-06-17T10:24:22","slug":"rental-conditions-es","status":"publish","type":"page","link":"https:\/\/quality-renting.com\/es\/rental-conditions-es\/","title":{"rendered":"Rental Conditions ES"},"content":{"rendered":"\t\t<div data-elementor-type=\"wp-page\" data-elementor-id=\"5943\" class=\"elementor elementor-5943 elementor-5682\" data-elementor-post-type=\"page\">\n\t\t\t\t\t\t<section class=\"elementor-section elementor-top-section elementor-element elementor-element-056ff81 elementor-section-height-min-height elementor-section-boxed elementor-section-height-default elementor-section-items-middle\" data-id=\"056ff81\" data-element_type=\"section\" data-e-type=\"section\" data-settings=\"{&quot;background_background&quot;:&quot;classic&quot;}\">\n\t\t\t\t\t\t<div class=\"elementor-container elementor-column-gap-default\">\n\t\t\t\t\t<div class=\"elementor-column elementor-col-100 elementor-top-column elementor-element elementor-element-b50b6c5\" data-id=\"b50b6c5\" data-element_type=\"column\" data-e-type=\"column\">\n\t\t\t<div class=\"elementor-widget-wrap elementor-element-populated\">\n\t\t\t\t\t\t<div class=\"elementor-element elementor-element-04c5cf6 elementor-widget__width-auto elementor-absolute elementor-icon-list--layout-traditional elementor-list-item-link-full_width elementor-widget elementor-widget-icon-list\" data-id=\"04c5cf6\" data-element_type=\"widget\" data-e-type=\"widget\" data-settings=\"{&quot;_position&quot;:&quot;absolute&quot;}\" data-widget_type=\"icon-list.default\">\n\t\t\t\t<div class=\"elementor-widget-container\">\n\t\t\t\t\t\t\t<ul class=\"elementor-icon-list-items\">\n\t\t\t\t\t\t\t<li class=\"elementor-icon-list-item\">\n\t\t\t\t\t\t\t\t\t\t\t<span class=\"elementor-icon-list-icon\">\n\t\t\t\t\t\t\t<svg xmlns=\"http:\/\/www.w3.org\/2000\/svg\" height=\"20\" width=\"20\"><path d=\"M8.375 18.375 0 10l8.375-8.375 1.792 1.792L3.583 10l6.584 6.583Z\"><\/path><\/svg>\t\t\t\t\t\t<\/span>\n\t\t\t\t\t\t\t\t\t\t<span class=\"elementor-icon-list-text\">VER VILLAS<\/span>\n\t\t\t\t\t\t\t\t\t<\/li>\n\t\t\t\t\t\t<\/ul>\n\t\t\t\t\t\t<\/div>\n\t\t\t\t<\/div>\n\t\t\t\t<div class=\"elementor-element elementor-element-f1773a8 elementor-widget elementor-widget-heading\" data-id=\"f1773a8\" data-element_type=\"widget\" data-e-type=\"widget\" data-widget_type=\"heading.default\">\n\t\t\t\t<div class=\"elementor-widget-container\">\n\t\t\t\t\t<h2 class=\"elementor-heading-title elementor-size-default\">Condiciones de alquiler<\/h2>\t\t\t\t<\/div>\n\t\t\t\t<\/div>\n\t\t\t\t\t<\/div>\n\t\t<\/div>\n\t\t\t\t\t<\/div>\n\t\t<\/section>\n\t\t\t\t<section class=\"elementor-section elementor-top-section elementor-element elementor-element-9e87924 elementor-hidden-mobile elementor-section-boxed elementor-section-height-default elementor-section-height-default\" data-id=\"9e87924\" data-element_type=\"section\" data-e-type=\"section\">\n\t\t\t\t\t\t<div class=\"elementor-container elementor-column-gap-default\">\n\t\t\t\t\t<div class=\"elementor-column elementor-col-100 elementor-top-column elementor-element elementor-element-aa935ef\" data-id=\"aa935ef\" data-element_type=\"column\" data-e-type=\"column\">\n\t\t\t<div class=\"elementor-widget-wrap elementor-element-populated\">\n\t\t\t\t\t\t<section class=\"elementor-section elementor-inner-section elementor-element elementor-element-ae350b3 elementor-section-boxed elementor-section-height-default elementor-section-height-default\" data-id=\"ae350b3\" data-element_type=\"section\" data-e-type=\"section\">\n\t\t\t\t\t\t<div class=\"elementor-container elementor-column-gap-default\">\n\t\t\t\t\t<div class=\"elementor-column elementor-col-100 elementor-inner-column elementor-element elementor-element-71d348e\" data-id=\"71d348e\" data-element_type=\"column\" data-e-type=\"column\">\n\t\t\t<div class=\"elementor-widget-wrap elementor-element-populated\">\n\t\t\t\t\t\t<div class=\"elementor-element elementor-element-0ae84ba elementor-widget elementor-widget-heading\" data-id=\"0ae84ba\" data-element_type=\"widget\" data-e-type=\"widget\" data-widget_type=\"heading.default\">\n\t\t\t\t<div class=\"elementor-widget-container\">\n\t\t\t\t\t<h2 class=\"elementor-heading-title elementor-size-default\">Condiciones de alquiler de una vivienda de vacaciones<\/h2>\t\t\t\t<\/div>\n\t\t\t\t<\/div>\n\t\t\t\t\t<\/div>\n\t\t<\/div>\n\t\t\t\t\t<\/div>\n\t\t<\/section>\n\t\t\t\t<div class=\"elementor-element elementor-element-3267b89 elementor-widget-divider--view-line elementor-widget elementor-widget-divider\" data-id=\"3267b89\" data-element_type=\"widget\" data-e-type=\"widget\" data-widget_type=\"divider.default\">\n\t\t\t\t<div class=\"elementor-widget-container\">\n\t\t\t\t\t\t\t<div class=\"elementor-divider\">\n\t\t\t<span class=\"elementor-divider-separator\">\n\t\t\t\t\t\t<\/span>\n\t\t<\/div>\n\t\t\t\t\t\t<\/div>\n\t\t\t\t<\/div>\n\t\t\t\t<section class=\"elementor-section elementor-inner-section elementor-element elementor-element-9a6da54 elementor-section-boxed elementor-section-height-default elementor-section-height-default\" data-id=\"9a6da54\" data-element_type=\"section\" data-e-type=\"section\">\n\t\t\t\t\t\t<div class=\"elementor-container elementor-column-gap-default\">\n\t\t\t\t\t<div class=\"elementor-column elementor-col-100 elementor-inner-column elementor-element elementor-element-a3c48c1\" data-id=\"a3c48c1\" data-element_type=\"column\" data-e-type=\"column\">\n\t\t\t<div class=\"elementor-widget-wrap elementor-element-populated\">\n\t\t\t\t\t\t<div class=\"elementor-element elementor-element-033c807 elementor-widget elementor-widget-text-editor\" data-id=\"033c807\" data-element_type=\"widget\" data-e-type=\"widget\" data-widget_type=\"text-editor.default\">\n\t\t\t\t<div class=\"elementor-widget-container\">\n\t\t\t\t\t\t\t\t\t<div class=\"elementor-element elementor-element-b70b561 elementor-widget elementor-widget-heading\" data-id=\"b70b561\" data-element_type=\"widget\" data-widget_type=\"heading.default\"><div class=\"elementor-widget-container\"><p><strong>1. Llegada y salida<\/strong><br \/>La mayor\u00eda de los cambios son los s\u00e1bados. La propiedad de alquiler est\u00e1 disponible a partir de las 16:00. Le rogamos que llegue entre las 16:00 y las 18:00 horas. Si esto no es posible, por favor avise a Quality Estates con suficiente antelaci\u00f3n de su hora estimada de llegada. Si no nos avisa antes de las 10.00 horas del d\u00eda de llegada de que su hora de llegada es posterior a las 18.00 horas, se aplicar\u00e1 un cargo adicional. El d\u00eda de salida, deber\u00e1 desalojar la propiedad antes de las 10:00.<\/p><p><strong>2. Reservas<\/strong><br \/>Todas las reservas son vinculantes. Una vez confirmada su reserva, le enviaremos la confirmaci\u00f3n por correo electr\u00f3nico. Esta contendr\u00e1 el contrato de alquiler que requerir\u00e1 su firma.<\/p><p><strong>3. Precios<\/strong><br \/>El uso de s\u00e1banas, fundas de almohada, toallas y pa\u00f1os de cocina est\u00e1 incluido en el precio indicado (para los gastos de limpieza). Esto tambi\u00e9n se aplica al uso de gas, agua y electricidad en la residencia, con la excepci\u00f3n del uso excesivo de estos servicios Quality Estates facturar\u00e1 al arrendatario. Si hay una estufa de gas en la casa, la primera botella de gas est\u00e1 incluida.<\/p><p><strong>4. N\u00famero de personas<\/strong><br \/>El alquiler se basa en las camas disponibles en la villa o apartamento. Normalmente hay sitio para varios hu\u00e9spedes. Por una persona extra por encima del n\u00famero indicado, cobramos, dependiendo de la villa, un recargo por persona. Los ni\u00f1os menores de 2 a\u00f1os no se cuentan como inquilinos. Los gastos de administraci\u00f3n son de 30 euros, &#8211; por reserva. Si a la llegada o durante la estancia de los inquilinos en la villa se comprueba que se alojan en la villa m\u00e1s personas de las indicadas en el contrato, esto ser\u00e1 penalizado o puede dar lugar al desalojo, especialmente cuando el n\u00famero total de personas supere el m\u00e1ximo mencionado en la descripci\u00f3n de la villa.<\/p><p><strong>5. Pago<\/strong><br \/>El primer pago del 25% del contrato deber\u00e1 abonarse en un plazo de 5 d\u00edas laborables tras la recepci\u00f3n del contrato mediante tarjeta de cr\u00e9dito. Le rogamos que firme el documento y nos lo devuelva (por correo electr\u00f3nico o postal). El resto del alquiler (75% del contrato) deber\u00e1 abonarse al menos 8 semanas antes del inicio del periodo de alquiler.<\/p><p>Para reservas efectuadas dentro de las 8 semanas anteriores al inicio del periodo de alquiler, deber\u00e1 abonarse el importe total. Para reservas con poca antelaci\u00f3n (menos de 3 semanas antes del periodo de alquiler), se ruega pagar inmediatamente despu\u00e9s de recibir la confirmaci\u00f3n \/ factura por tel\u00e9fono o transferencia electr\u00f3nica. Deber\u00e1 proporcionar a Quality Estates Renting un comprobante de la transferencia por correo electr\u00f3nico o fax.<\/p><p>Pagos a: Quality Estates S.L.<br \/>Banco: CAIXABANK, Sant Antoni de Calonge<br \/>IBAN: ES0421005703400200072909<br \/>SWIFT: CAIXESBBXXX<\/p><p><strong>6. Dep\u00f3sitos<\/strong><br \/>La fianza se paga por adelantado. El importe de la fianza se indica en el contrato. Si se produce alg\u00fan da\u00f1o o rotura durante su estancia, deber\u00e1 comunicarlo con pruebas a Qualiy Estates durante las primeras 24 horas, los costes se deducir\u00e1n de su fianza. Entonces podremos tomar las medidas necesarias para reparar o reemplazar los objetos da\u00f1ados. Si no informa de los da\u00f1os, se arriesgar\u00e1 a que se le deduzcan de la fianza gastos e impuestos adicionales. Si no se ha producido ning\u00fan da\u00f1o, el reembolso de la fianza tendr\u00e1 lugar en un plazo de 14 d\u00edas tras la salida. Si hay que deducir da\u00f1os o pagos extra de la fianza, el tiempo de tramitaci\u00f3n puede superar el plazo de 14 d\u00edas, N.B.: se calcular\u00e1n los gastos de tramitaci\u00f3n y el IVA. La villa ser\u00e1 revisada antes de su llegada. No obstante, si observa alg\u00fan da\u00f1o a su llegada o poco despu\u00e9s, deber\u00e1 comunic\u00e1rnoslo inmediatamente. Esto es para prevenir que el da\u00f1o sea cargado a usted. Los peque\u00f1os desperfectos como rotura de cristaler\u00eda y\/o vajilla es mejor que los resuelva usted mismo.<\/p><p><strong>7. Cancelaciones<\/strong><br \/>Las cancelaciones deben realizarse por escrito. Quality Estates Renting confirmar\u00e1 la recepci\u00f3n de la cancelaci\u00f3n. Hasta 8 semanas antes del periodo de alquiler, los gastos de cancelaci\u00f3n son del 25% del alquiler. Si se cancela entre 8 y 4 semanas antes del periodo de alquiler, los gastos de cancelaci\u00f3n ser\u00e1n del 100%. Para asegurarse contra esta posibilidad, es aconsejable contratar un seguro de cancelaci\u00f3n adem\u00e1s de su seguro de viaje habitual.<\/p><p><strong>8. Cancelaci\u00f3n por parte de Quality Estates<\/strong><br \/>Si por circunstancias ajenas a su voluntad, Quality Estates cancela su reserva, le proporcionar\u00e1 otro alojamiento de alquiler de tipo y precio similares. En su defecto, Quality Estates reembolsar\u00e1 el dinero ya pagado. Esto se har\u00e1 sin compensaci\u00f3n por gastos adicionales de ning\u00fan tipo.<\/p><p><strong>9. Piscinas<\/strong><br \/>Por el uso de piscinas con calefacci\u00f3n se cobrar\u00e1 un suplemento de 15,- \u20ac por d\u00eda. Est\u00e1 prohibido utilizar cristaler\u00eda cerca de la piscina. *Recordatorio; ducharse antes\/despu\u00e9s de entrar\/salir.<\/p><p><strong>10. Mascotas<\/strong><br \/>En algunas casas est\u00e1 permitido traer a su mascota. Esto tiene un coste de 25,00 euros por mascota y semana, ya que, por ejemplo, conlleva una limpieza adicional. En la p\u00e1gina web podr\u00e1 ver qu\u00e9 casas admiten mascotas.<br \/>Quality Estates se reserva el derecho de denegarle el acceso a la propiedad en caso de no comunicarnos el total de mascotas. En caso de comprobar en una fase posterior que una mascota (no registrada en el contrato) se aloja en la villa, los inquilinos y la(s) mascota(s) pueden ser desalojados.<\/p><p><strong>11. Limpieza<\/strong><br \/>Los gastos de limpieza se calculan en el contrato de alquiler, son gastos adicionales al importe del alquiler. Estos costes se calcular\u00e1n dependiendo del tama\u00f1o de la villa o del grupo y var\u00edan entre 170,00 y 270,00 euros. Deber\u00e1 asegurarse de que no queda basura en la casa, de que el lavavajillas est\u00e1 vac\u00edo, de que la parrilla, el horno y el microondas est\u00e1n limpios y de que la ropa de cama que ha utilizado est\u00e1 guardada en un lugar. Si no ha cumplido con las normas anteriores, *Quality Estates se reserva el derecho de deducir los costes adicionales del dep\u00f3sito pagado por usted.<\/p><p><strong>12. Agua, gas y electricidad<\/strong><br \/>En \u00e9pocas de sequ\u00eda, especialmente en los pueblos durante los meses de verano, el suministro de agua puede cortarse durante periodos de tiempo variables (por d\u00eda). El flujo de electricidad tambi\u00e9n puede cortarse durante varias horas en caso de emergencia. Quality Estates no se hace responsable de ello en ning\u00fan momento.<\/p><p><strong>13. Reclamaciones<\/strong><br \/>Si a pesar de nuestra cuidadosa selecci\u00f3n y supervisi\u00f3n peri\u00f3dica sigue habiendo problemas, el inquilino deber\u00e1 comunicar su queja durante las primeras 24 horas al departamento de alquileres de Quality Estates para que podamos tomar las medidas oportunas. La salida anticipada de la vivienda, sin previa consulta o mutuo acuerdo, exime a Quality Estates de cualquier responsabilidad de indemnizaci\u00f3n. Las quejas no resueltas satisfactoriamente pueden sernos comunicadas por escrito a m\u00e1s tardar 48 horas despu\u00e9s del periodo de alquiler.<\/p><p><strong>14. Robo<\/strong><br \/>El inquilino es responsable de los robos y da\u00f1os del contenido debidos a la falta de cierre de las ventanas y puertas por ausencia, el inquilino es responsable de los da\u00f1os sufridos.<\/p><p><strong>15. Responsabilidad civil<\/strong><br \/>Durante el periodo de alquiler, el inquilino es responsable de la vivienda y de todas las cosas que pertenezcan a la propiedad alquilada. Cualquier desperfecto advertido por el inquilino deber\u00e1 ser comunicado inmediatamente a Quality Estates, si no se comunica quedar\u00e1 bajo responsabilidad del inquilino. Cualquier da\u00f1o por el inquilino o co-arrendatarios debe ser inmediatamente reportado a Quality Estates y ser reembolsado por el inquilino. Quality Estates no se hace responsable de los accidentes, lesiones o da\u00f1os causados por el inquilino durante el periodo de alquiler. Si los inquilinos causan molestias al vecindario, se les advertir\u00e1 una vez, en caso de reincidencia, la consecuencia ser\u00e1 la p\u00e9rdida de la fianza o incluso el desalojo.<\/p><p><strong>16. WIFI:<\/strong><br \/>Todas nuestras villas disponen de conexi\u00f3n WIFI. Sin embargo, dependiendo del proveedor y\/o ubicaci\u00f3n de la villa, la velocidad y calidad final no puede ser garantizada por nosotros.<\/p><p><strong>17. Fumar:<\/strong><br \/>Est\u00e1 prohibido fumar en todas las villas. Se permite fumar en el exterior, sin embargo, aconsejamos utilizar ceniceros llenos de agua (riesgo de incendio), esperamos que los inquilinos limpien los ceniceros antes de la salida. Las colillas encontradas en o alrededor de la piscina, o en el jard\u00edn ser\u00e1n penalizadas con una deducci\u00f3n en la fianza.<\/p><p><strong>18. Objetos perdidos:<\/strong><br \/>Si un inquilino pierde o deja inadvertidamente (en o alrededor de la villa) uno o m\u00e1s objeto(s) (de valor), haremos todo lo posible para recuperar\/localizar el\/los objeto(s). Informaremos al inquilino y le preguntaremos c\u00f3mo proceder. Se calcular\u00e1n los posibles gastos de manipulaci\u00f3n y postales consiguientes.<\/p><p><strong>19. Desahucio<\/strong><br \/>En caso de desalojo, el inquilino pierde su derecho a la devoluci\u00f3n.<br \/>Las condiciones anteriores tienen por objeto proteger tanto los intereses y derechos de los propietarios como los intereses y derechos de los inquilinos e inquilinos subsiguientes. Las condiciones anteriores tambi\u00e9n permitir\u00e1n a Quality Estates mantener un alto nivel de higiene y confort durante toda la temporada de alquiler.<\/p><p><em><strong>Este sitio web est\u00e1 dise\u00f1ado y supervisado con el mayor cuidado. Quality Estates no acepta responsabilidad alguna derivada de cualquier inconveniente causado por cambios de \u00faltima hora ajenos a su conocimiento o control.<\/strong><\/em><\/p><\/div><\/div>\t\t\t\t\t\t\t\t<\/div>\n\t\t\t\t<\/div>\n\t\t\t\t\t<\/div>\n\t\t<\/div>\n\t\t\t\t\t<\/div>\n\t\t<\/section>\n\t\t\t\t\t<\/div>\n\t\t<\/div>\n\t\t\t\t\t<\/div>\n\t\t<\/section>\n\t\t\t\t<section class=\"elementor-section elementor-top-section elementor-element elementor-element-c396b17 elementor-hidden-desktop elementor-hidden-tablet elementor-section-boxed elementor-section-height-default elementor-section-height-default\" data-id=\"c396b17\" data-element_type=\"section\" data-e-type=\"section\">\n\t\t\t\t\t\t<div class=\"elementor-container elementor-column-gap-default\">\n\t\t\t\t\t<div class=\"elementor-column elementor-col-100 elementor-top-column elementor-element elementor-element-a543143\" data-id=\"a543143\" data-element_type=\"column\" data-e-type=\"column\">\n\t\t\t<div class=\"elementor-widget-wrap elementor-element-populated\">\n\t\t\t\t\t\t<div class=\"elementor-element elementor-element-d1c5436 elementor-widget elementor-widget-heading\" data-id=\"d1c5436\" data-element_type=\"widget\" data-e-type=\"widget\" data-widget_type=\"heading.default\">\n\t\t\t\t<div class=\"elementor-widget-container\">\n\t\t\t\t\t<h2 class=\"elementor-heading-title elementor-size-default\">Who are we?<\/h2>\t\t\t\t<\/div>\n\t\t\t\t<\/div>\n\t\t\t\t<div class=\"elementor-element elementor-element-7a5dda1 elementor-widget-divider--view-line elementor-widget elementor-widget-divider\" data-id=\"7a5dda1\" data-element_type=\"widget\" data-e-type=\"widget\" data-widget_type=\"divider.default\">\n\t\t\t\t<div class=\"elementor-widget-container\">\n\t\t\t\t\t\t\t<div class=\"elementor-divider\">\n\t\t\t<span class=\"elementor-divider-separator\">\n\t\t\t\t\t\t<\/span>\n\t\t<\/div>\n\t\t\t\t\t\t<\/div>\n\t\t\t\t<\/div>\n\t\t\t\t<div class=\"elementor-element elementor-element-5c487de elementor-widget elementor-widget-image\" data-id=\"5c487de\" data-element_type=\"widget\" data-e-type=\"widget\" data-widget_type=\"image.default\">\n\t\t\t\t<div class=\"elementor-widget-container\">\n\t\t\t\t\t\t\t\t\t\t\t\t\t\t\t<img fetchpriority=\"high\" decoding=\"async\" width=\"800\" height=\"437\" src=\"https:\/\/quality-renting.com\/wp-content\/uploads\/2022\/12\/thumb_IMG_3120_1024-2-1024x559.jpg\" class=\"attachment-large size-large wp-image-5796\" alt=\"\" srcset=\"https:\/\/quality-renting.com\/wp-content\/uploads\/2022\/12\/thumb_IMG_3120_1024-2-1024x559.jpg 1024w, https:\/\/quality-renting.com\/wp-content\/uploads\/2022\/12\/thumb_IMG_3120_1024-2-300x164.jpg 300w, https:\/\/quality-renting.com\/wp-content\/uploads\/2022\/12\/thumb_IMG_3120_1024-2-768x419.jpg 768w, https:\/\/quality-renting.com\/wp-content\/uploads\/2022\/12\/thumb_IMG_3120_1024-2.jpg 1200w\" sizes=\"(max-width: 800px) 100vw, 800px\" title=\"\">\t\t\t\t\t\t\t\t\t\t\t\t\t\t\t<\/div>\n\t\t\t\t<\/div>\n\t\t\t\t<div class=\"elementor-element elementor-element-4949c6d elementor-widget elementor-widget-heading\" data-id=\"4949c6d\" data-element_type=\"widget\" data-e-type=\"widget\" data-widget_type=\"heading.default\">\n\t\t\t\t<div class=\"elementor-widget-container\">\n\t\t\t\t\t<h2 class=\"elementor-heading-title elementor-size-default\">Our story<\/h2>\t\t\t\t<\/div>\n\t\t\t\t<\/div>\n\t\t\t\t<div class=\"elementor-element elementor-element-649762e elementor-widget-divider--view-line elementor-widget elementor-widget-divider\" data-id=\"649762e\" data-element_type=\"widget\" data-e-type=\"widget\" data-widget_type=\"divider.default\">\n\t\t\t\t<div class=\"elementor-widget-container\">\n\t\t\t\t\t\t\t<div class=\"elementor-divider\">\n\t\t\t<span class=\"elementor-divider-separator\">\n\t\t\t\t\t\t<\/span>\n\t\t<\/div>\n\t\t\t\t\t\t<\/div>\n\t\t\t\t<\/div>\n\t\t\t\t<div class=\"elementor-element elementor-element-a3cb4d1 elementor-widget elementor-widget-text-editor\" data-id=\"a3cb4d1\" data-element_type=\"widget\" data-e-type=\"widget\" data-widget_type=\"text-editor.default\">\n\t\t\t\t<div class=\"elementor-widget-container\">\n\t\t\t\t\t\t\t\t\t<p>Quality Estates is a real estate agency with a full range of services in the beautiful Golden Triangle of the Costa Brava. In the area there are towns such as Palam\u00f3s, Sant Antoni, Calonge, Praja de Aro, Santa Cristina and San Feliu de Guisols.<\/p><p>Quality Estates has over 20 years of experience in the region and over a quarter century of providing cost-effective, quality real estate services. Our team is fully committed to meeting the unique needs of our clients, whether those needs are simple or complex.<\/p>\t\t\t\t\t\t\t\t<\/div>\n\t\t\t\t<\/div>\n\t\t\t\t<div class=\"elementor-element elementor-element-5b9f173 elementor-align-left elementor-widget elementor-widget-button\" data-id=\"5b9f173\" data-element_type=\"widget\" data-e-type=\"widget\" data-widget_type=\"button.default\">\n\t\t\t\t<div class=\"elementor-widget-container\">\n\t\t\t\t\t\t\t\t\t<div class=\"elementor-button-wrapper\">\n\t\t\t\t\t<a class=\"elementor-button elementor-button-link elementor-size-sm\" href=\"https:\/\/www.qeibiza.es\/contact\/\" target=\"_blank\" rel=\"noopener\">\n\t\t\t\t\t\t<span class=\"elementor-button-content-wrapper\">\n\t\t\t\t\t\t\t\t\t<span class=\"elementor-button-text\">CONTACT US<\/span>\n\t\t\t\t\t<\/span>\n\t\t\t\t\t<\/a>\n\t\t\t\t<\/div>\n\t\t\t\t\t\t\t\t<\/div>\n\t\t\t\t<\/div>\n\t\t\t\t\t<\/div>\n\t\t<\/div>\n\t\t\t\t\t<\/div>\n\t\t<\/section>\n\t\t\t\t<\/div>\n\t\t","protected":false},"excerpt":{"rendered":"<p>VER VILLAS Condiciones de alquiler Condiciones de alquiler de una vivienda de vacaciones 1. Llegada y salidaLa mayor\u00eda de los cambios son los s\u00e1bados. La propiedad de alquiler est\u00e1 disponible a partir de las 16:00. Le rogamos que llegue entre las 16:00 y las 18:00 horas. Si esto no es posible, por favor avise a [&hellip;]<\/p>\n","protected":false},"author":2,"featured_media":0,"parent":0,"menu_order":0,"comment_status":"closed","ping_status":"closed","template":"","meta":{"footnotes":""},"class_list":["post-5943","page","type-page","status-publish","hentry"],"_links":{"self":[{"href":"https:\/\/quality-renting.com\/es\/wp-json\/wp\/v2\/pages\/5943","targetHints":{"allow":["GET"]}}],"collection":[{"href":"https:\/\/quality-renting.com\/es\/wp-json\/wp\/v2\/pages"}],"about":[{"href":"https:\/\/quality-renting.com\/es\/wp-json\/wp\/v2\/types\/page"}],"author":[{"embeddable":true,"href":"https:\/\/quality-renting.com\/es\/wp-json\/wp\/v2\/users\/2"}],"replies":[{"embeddable":true,"href":"https:\/\/quality-renting.com\/es\/wp-json\/wp\/v2\/comments?post=5943"}],"version-history":[{"count":4,"href":"https:\/\/quality-renting.com\/es\/wp-json\/wp\/v2\/pages\/5943\/revisions"}],"predecessor-version":[{"id":7395,"href":"https:\/\/quality-renting.com\/es\/wp-json\/wp\/v2\/pages\/5943\/revisions\/7395"}],"wp:attachment":[{"href":"https:\/\/quality-renting.com\/es\/wp-json\/wp\/v2\/media?parent=5943"}],"curies":[{"name":"wp","href":"https:\/\/api.w.org\/{rel}","templated":true}]}}