{"id":5935,"date":"2022-11-17T08:45:19","date_gmt":"2022-11-17T07:45:19","guid":{"rendered":"http:\/\/www.qeibiza.es\/?page_id=5935"},"modified":"2024-02-06T11:00:50","modified_gmt":"2024-02-06T10:00:50","slug":"privacy-policy-es","status":"publish","type":"page","link":"https:\/\/quality-renting.com\/es\/privacy-policy-es\/","title":{"rendered":"Privacy policy ES"},"content":{"rendered":"\t\t<div data-elementor-type=\"wp-page\" data-elementor-id=\"5935\" class=\"elementor elementor-5935 elementor-3\" data-elementor-post-type=\"page\">\n\t\t\t\t\t\t<section class=\"elementor-section elementor-top-section elementor-element elementor-element-80fa801 elementor-section-height-min-height elementor-section-boxed elementor-section-height-default elementor-section-items-middle\" data-id=\"80fa801\" data-element_type=\"section\" data-e-type=\"section\" data-settings=\"{&quot;background_background&quot;:&quot;classic&quot;}\">\n\t\t\t\t\t\t<div class=\"elementor-container elementor-column-gap-default\">\n\t\t\t\t\t<div class=\"elementor-column elementor-col-100 elementor-top-column elementor-element elementor-element-ee11d52\" data-id=\"ee11d52\" data-element_type=\"column\" data-e-type=\"column\">\n\t\t\t<div class=\"elementor-widget-wrap elementor-element-populated\">\n\t\t\t\t\t\t<div class=\"elementor-element elementor-element-2aefce8 elementor-widget__width-auto elementor-absolute elementor-icon-list--layout-traditional elementor-list-item-link-full_width elementor-widget elementor-widget-icon-list\" data-id=\"2aefce8\" data-element_type=\"widget\" data-e-type=\"widget\" data-settings=\"{&quot;_position&quot;:&quot;absolute&quot;}\" data-widget_type=\"icon-list.default\">\n\t\t\t\t<div class=\"elementor-widget-container\">\n\t\t\t\t\t\t\t<ul class=\"elementor-icon-list-items\">\n\t\t\t\t\t\t\t<li class=\"elementor-icon-list-item\">\n\t\t\t\t\t\t\t\t\t\t\t<span class=\"elementor-icon-list-icon\">\n\t\t\t\t\t\t\t<svg xmlns=\"http:\/\/www.w3.org\/2000\/svg\" height=\"20\" width=\"20\"><path d=\"M8.375 18.375 0 10l8.375-8.375 1.792 1.792L3.583 10l6.584 6.583Z\"><\/path><\/svg>\t\t\t\t\t\t<\/span>\n\t\t\t\t\t\t\t\t\t\t<span class=\"elementor-icon-list-text\">VER VILLAS<\/span>\n\t\t\t\t\t\t\t\t\t<\/li>\n\t\t\t\t\t\t<\/ul>\n\t\t\t\t\t\t<\/div>\n\t\t\t\t<\/div>\n\t\t\t\t<div class=\"elementor-element elementor-element-9d7aaeb elementor-widget elementor-widget-heading\" data-id=\"9d7aaeb\" data-element_type=\"widget\" data-e-type=\"widget\" data-widget_type=\"heading.default\">\n\t\t\t\t<div class=\"elementor-widget-container\">\n\t\t\t\t\t<h2 class=\"elementor-heading-title elementor-size-default\">Pol\u00edtica de privacidad<\/h2>\t\t\t\t<\/div>\n\t\t\t\t<\/div>\n\t\t\t\t\t<\/div>\n\t\t<\/div>\n\t\t\t\t\t<\/div>\n\t\t<\/section>\n\t\t\t\t<section class=\"elementor-section elementor-top-section elementor-element elementor-element-846ea37 elementor-hidden-mobile elementor-section-boxed elementor-section-height-default elementor-section-height-default\" data-id=\"846ea37\" data-element_type=\"section\" data-e-type=\"section\">\n\t\t\t\t\t\t<div class=\"elementor-container elementor-column-gap-default\">\n\t\t\t\t\t<div class=\"elementor-column elementor-col-100 elementor-top-column elementor-element elementor-element-5d8406f\" data-id=\"5d8406f\" data-element_type=\"column\" data-e-type=\"column\">\n\t\t\t<div class=\"elementor-widget-wrap elementor-element-populated\">\n\t\t\t\t\t\t<section class=\"elementor-section elementor-inner-section elementor-element elementor-element-1a1b358 elementor-section-boxed elementor-section-height-default elementor-section-height-default\" data-id=\"1a1b358\" data-element_type=\"section\" data-e-type=\"section\">\n\t\t\t\t\t\t<div class=\"elementor-container elementor-column-gap-default\">\n\t\t\t\t\t<div class=\"elementor-column elementor-col-100 elementor-inner-column elementor-element elementor-element-2a446a7\" data-id=\"2a446a7\" data-element_type=\"column\" data-e-type=\"column\">\n\t\t\t<div class=\"elementor-widget-wrap elementor-element-populated\">\n\t\t\t\t\t\t<div class=\"elementor-element elementor-element-812c2de elementor-widget elementor-widget-heading\" data-id=\"812c2de\" data-element_type=\"widget\" data-e-type=\"widget\" data-widget_type=\"heading.default\">\n\t\t\t\t<div class=\"elementor-widget-container\">\n\t\t\t\t\t<h2 class=\"elementor-heading-title elementor-size-default\">Pol\u00edtica de privacidad Quality Estates S.L.<\/h2>\t\t\t\t<\/div>\n\t\t\t\t<\/div>\n\t\t\t\t\t<\/div>\n\t\t<\/div>\n\t\t\t\t\t<\/div>\n\t\t<\/section>\n\t\t\t\t<div class=\"elementor-element elementor-element-d2dff8f elementor-widget-divider--view-line elementor-widget elementor-widget-divider\" data-id=\"d2dff8f\" data-element_type=\"widget\" data-e-type=\"widget\" data-widget_type=\"divider.default\">\n\t\t\t\t<div class=\"elementor-widget-container\">\n\t\t\t\t\t\t\t<div class=\"elementor-divider\">\n\t\t\t<span class=\"elementor-divider-separator\">\n\t\t\t\t\t\t<\/span>\n\t\t<\/div>\n\t\t\t\t\t\t<\/div>\n\t\t\t\t<\/div>\n\t\t\t\t<section class=\"elementor-section elementor-inner-section elementor-element elementor-element-838279a elementor-section-boxed elementor-section-height-default elementor-section-height-default\" data-id=\"838279a\" data-element_type=\"section\" data-e-type=\"section\">\n\t\t\t\t\t\t<div class=\"elementor-container elementor-column-gap-default\">\n\t\t\t\t\t<div class=\"elementor-column elementor-col-100 elementor-inner-column elementor-element elementor-element-65e1a01\" data-id=\"65e1a01\" data-element_type=\"column\" data-e-type=\"column\">\n\t\t\t<div class=\"elementor-widget-wrap elementor-element-populated\">\n\t\t\t\t\t\t<div class=\"elementor-element elementor-element-72d7225 elementor-widget elementor-widget-text-editor\" data-id=\"72d7225\" data-element_type=\"widget\" data-e-type=\"widget\" data-widget_type=\"text-editor.default\">\n\t\t\t\t<div class=\"elementor-widget-container\">\n\t\t\t\t\t\t\t\t\t<div class=\"elementor-element elementor-element-b70b561 elementor-widget elementor-widget-heading\" data-id=\"b70b561\" data-element_type=\"widget\" data-widget_type=\"heading.default\"><div class=\"elementor-widget-container\"><p><strong>1- Datos del responsable del tratamiento<\/strong><\/p><p>Raz\u00f3n social: QUALITY ESTATES SL (en adelante, la \u00abEmpresa\u00bb o el \u00abResponsable\u00bb). CIF: B17729963<br \/>Direcci\u00f3n: AVDA. CATALUNYA N\u00ba 8 local 3 &#8211; 17252 &#8211; SANT ANTONI DE CALONGE &#8211; GIRONA<br \/>Tel: +34 972 653 955<br \/>Correo electr\u00f3nico para comunicaciones en materia de Protecci\u00f3n de Datos: info@quality-estates.com<\/p><p><strong>Normativa aplicable<\/strong><\/p><p>Nuestra Pol\u00edtica de Privacidad ha sido dise\u00f1ada de acuerdo con el Reglamento General de Protecci\u00f3n de Datos de la UE 2016\/679 del Parlamento Europeo y del Consejo, de 27 de abril de 2016, relativo a la protecci\u00f3n de las personas f\u00edsicas en lo que respecta al tratamiento de datos personales y a la libre circulaci\u00f3n de estos datos y por el que se deroga la Directiva 95\/46 CE (Reglamento General de Protecci\u00f3n de Datos), y en lo que no se oponga al citado Reglamento, seg\u00fan lo dispuesto en el marco legislativo espa\u00f1ol en materia de Protecci\u00f3n a los datos de car\u00e1cter personal.<\/p><p>Al facilitarnos sus datos, usted declara haber le\u00eddo y comprendido la presente Pol\u00edtica de Privacidad, otorgando su consentimiento inequ\u00edvoco y expreso al tratamiento de sus datos personales conforme a las finalidades y t\u00e9rmino aqu\u00ed expresados.<\/p><p>La Empresa podr\u00e1 modificar la presente Pol\u00edtica de Privacidad para adaptarla a las novedades legislativas, jurisprudenciales o de interpretaci\u00f3n de la Agencia Espa\u00f1ola de Protecci\u00f3n de Datos. Estas condiciones de privacidad podr\u00e1n ser complementadas por el Aviso Legal, la Pol\u00edtica de Cookies y las Condiciones Generales que, en su caso, se recojan para determinados productos o servicios, si dicho acceso implica alguna especialidad en materia de protecci\u00f3n de datos de car\u00e1cter personal.<\/p><p><strong>1.2 Delegado de Protecci\u00f3n de Datos<\/strong><\/p><p>La empresa cuenta con un Delegado de Protecci\u00f3n de Datos.<\/p><p><strong>2- FINALIDAD DEL TRATAMIENTO DE LOS DATOS PERSONALES<\/strong><\/p><p>El tratamiento que realizamos de sus datos personales responde a las siguientes finalidades:<\/p><p>&#8211; Facilitarle informaci\u00f3n relacionada con los productos y servicios ofrecidos por nuestra empresa y detallados en esta web.<\/p><p>&#8211; Realizar la contrataci\u00f3n de nuestros servicios mediante la aceptaci\u00f3n del correspondiente presupuesto\/pedido y\/o la firma de un contrato mercantil.<br \/>&#8211; Enviarle por correo electr\u00f3nico y\/o postal noticias y novedades sobre nuestra entidad, as\u00ed como actualizaciones de nuestro cat\u00e1logo de productos y servicios.<\/p><p><strong>2.1 Periodo de Conservaci\u00f3n de sus datos<\/strong><\/p><p>Conservaremos sus datos personales desde el momento en que preste su consentimiento hasta que lo revoque o solicite la limitaci\u00f3n del tratamiento. En estos casos, mantendremos sus datos bloqueados durante los plazos legalmente establecidos.<\/p><p><strong>&#8211; LEGITIMACI\u00d3N Y DATOS RECABADOS<\/strong><\/p><p>La legitimaci\u00f3n para el tratamiento de tus datos es el consentimiento expreso otorgado mediante un acto positivo y afirmativo (rellenar el formulario correspondiente y marcar la casilla de aceptaci\u00f3n de la pol\u00edtica) en el momento en que nos facilitas tus datos personales.<\/p><\/div><\/div><div class=\"elementor-element elementor-element-7e0f3ec elementor-widget elementor-widget-text-editor\" data-id=\"7e0f3ec\" data-element_type=\"widget\" data-widget_type=\"text-editor.default\"><div class=\"elementor-widget-container\"><div class=\"spotlight\"><div class=\"s-text osLight\"><div class=\"spotlight\"><div class=\"s-text osLight\"><p><strong>3.1 Consentimiento para el tratamiento de sus datos<\/strong><\/p><p>Al cumplimentar los t\u00e9rminos, marcar la casilla \u00abAcepto la Pol\u00edtica de privacidad\u00bb y pulsar para enviar los datos, o al enviar correos electr\u00f3nicos a la Empresa a trav\u00e9s de las cuentas habilitadas al efecto, el Usuario declara haber le\u00eddo y aceptado expresamente la presente pol\u00edtica de privacidad, y otorga su consentimiento inequ\u00edvoco y expreso al tratamiento de sus datos personales conforme a las finalidades indicadas.<\/p><p><strong>3.2 Categor\u00edas de datos<\/strong><\/p><p>Los datos recogidos se refieren a la categor\u00eda de datos identificativos, tales como: Nombre y Apellidos, Tel\u00e9fono, Direcci\u00f3n Postal, Empresa, Email, as\u00ed como la direcci\u00f3n IP desde la que accede al formulario de recogida de datos.<\/p><p><strong>4- MEDIDAS DE SEGURIDAD<\/strong><\/p><p>Dentro de nuestro compromiso por garantizar la seguridad y confidencialidad de sus datos de car\u00e1cter personal, le informamos que han sido adoptadas las medidas de \u00edndole t\u00e9cnica y organizativas necesarias que garanticen la seguridad de los datos de car\u00e1cter personal y eviten su alteraci\u00f3n, p\u00e9rdida, tratamiento o acceso no autorizado, habida cuenta del estado de la tecnolog\u00eda, la naturaleza de los datos almacenados y los riesgos a que est\u00e1n expuestos, de acuerdo con el Art. 32 del RGPD UE 679\/2016<\/p><p><strong>5- CESIONES DE DATOS<\/strong><\/p><p>No se prev\u00e9n cesiones de datos ni transferencias internacionales de sus datos, salvo las autorizadas por la legislaci\u00f3n fiscal, mercantil y de telecomunicaciones, as\u00ed como en aquellos casos en los que una autoridad judicial nos requiera.<\/p><p><strong>6 &#8211; DERECHOS DEL USUARIO<\/strong><br \/>Cualquier interesado tiene derecho a obtener confirmaci\u00f3n sobre si estamos tratando datos personales que les conciernan, o no. Las personas interesadas tienen derecho a acceder a sus datos personales, as\u00ed como a solicitar la rectificaci\u00f3n de los datos inexactos o, en su caso, solicitar su supresi\u00f3n cuando, entre otros motivos, los datos ya no sean necesarios para los fines<br \/>para los que fueron recabados. En determinadas circunstancias, los interesados podr\u00e1n solicitar la limitaci\u00f3n del tratamiento de sus datos, en cuyo caso \u00fanicamente los conservaremos para el ejercicio o la defensa de reclamaciones. Por motivos relacionados con su situaci\u00f3n particular, los interesados podr\u00e1n oponerse al tratamiento de sus datos. El Responsable dejar\u00e1 de tratar los datos, salvo por motivos leg\u00edtimos imperiosos, o el ejercicio o la defensa de posibles reclamaciones.<\/p><p>De acuerdo con la legislaci\u00f3n vigente usted tiene los siguientes derechos: derecho a solicitar el acceso a sus datos personales, derecho a solicitar la rectificaci\u00f3n o supresi\u00f3n, derecho a solicitar la limitaci\u00f3n de su tratamiento, derecho a oponerse al tratamiento, derecho a la portabilidad de los datos y as\u00ed mismo, a revocar el consentimiento otorgado.<\/p><p><strong>6.1. \u00bfC\u00f3mo ejercer mis derechos?<\/strong><br \/>Para ejercer sus derechos, debe dirigirse al responsable, solicitando el correspondiente formulario para el ejercicio del derecho elegido. Opcionalmente, puede dirigirse a la Autoridad de<br \/>Control Competente para obtener informaci\u00f3n adicional sobre sus derechos. Los datos de contacto para el ejercicio de sus derechos son el tel\u00e9fono 972653955 y el correo electr\u00f3nico<br \/>info@quality-estates.com. No olvide acompa\u00f1ar copia de alg\u00fan documento que nos permita identificarle.<\/p><p><strong>7 &#8211; CONSENTIMIENTO PARA EL ENV\u00cdO DE COMUNICACIONES ELECTR\u00d3NICAS<\/strong><br \/>Asimismo, y de conformidad con lo establecido en la Ley 34\/2002, de 11 de julio, de Servicios de la Sociedad de la Informaci\u00f3n y Comercio Electr\u00f3nico, al cumplimentar el formulario de recogida<br \/>de datos y marcando la casilla correspondiente \u00abAcepto el env\u00edo de comunicaciones electr\u00f3nicas\u00bb, est\u00e1 otorgando el consentimiento expreso para el env\u00edo a su direcci\u00f3n de correo electr\u00f3nico, tel\u00e9fono, fax u otros medios electr\u00f3nicos en el env\u00edo de informaci\u00f3n sobre la Empresa.<\/p><\/div><\/div><\/div><\/div><\/div><\/div>\t\t\t\t\t\t\t\t<\/div>\n\t\t\t\t<\/div>\n\t\t\t\t\t<\/div>\n\t\t<\/div>\n\t\t\t\t\t<\/div>\n\t\t<\/section>\n\t\t\t\t\t<\/div>\n\t\t<\/div>\n\t\t\t\t\t<\/div>\n\t\t<\/section>\n\t\t\t\t<section class=\"elementor-section elementor-top-section elementor-element elementor-element-3c8a2f7 elementor-hidden-desktop elementor-hidden-tablet elementor-section-boxed elementor-section-height-default elementor-section-height-default\" data-id=\"3c8a2f7\" data-element_type=\"section\" data-e-type=\"section\">\n\t\t\t\t\t\t<div class=\"elementor-container elementor-column-gap-default\">\n\t\t\t\t\t<div class=\"elementor-column elementor-col-100 elementor-top-column elementor-element elementor-element-62644e3\" data-id=\"62644e3\" data-element_type=\"column\" data-e-type=\"column\">\n\t\t\t<div class=\"elementor-widget-wrap elementor-element-populated\">\n\t\t\t\t\t\t<div class=\"elementor-element elementor-element-20bfe6f elementor-widget elementor-widget-heading\" data-id=\"20bfe6f\" data-element_type=\"widget\" data-e-type=\"widget\" data-widget_type=\"heading.default\">\n\t\t\t\t<div class=\"elementor-widget-container\">\n\t\t\t\t\t<h2 class=\"elementor-heading-title elementor-size-default\">Who are we?<\/h2>\t\t\t\t<\/div>\n\t\t\t\t<\/div>\n\t\t\t\t<div class=\"elementor-element elementor-element-7110946 elementor-widget-divider--view-line elementor-widget elementor-widget-divider\" data-id=\"7110946\" data-element_type=\"widget\" data-e-type=\"widget\" data-widget_type=\"divider.default\">\n\t\t\t\t<div class=\"elementor-widget-container\">\n\t\t\t\t\t\t\t<div class=\"elementor-divider\">\n\t\t\t<span class=\"elementor-divider-separator\">\n\t\t\t\t\t\t<\/span>\n\t\t<\/div>\n\t\t\t\t\t\t<\/div>\n\t\t\t\t<\/div>\n\t\t\t\t<div class=\"elementor-element elementor-element-aee669f elementor-widget elementor-widget-image\" data-id=\"aee669f\" data-element_type=\"widget\" data-e-type=\"widget\" data-widget_type=\"image.default\">\n\t\t\t\t<div class=\"elementor-widget-container\">\n\t\t\t\t\t\t\t\t\t\t\t\t\t\t\t<img fetchpriority=\"high\" decoding=\"async\" width=\"800\" height=\"437\" src=\"https:\/\/quality-renting.com\/wp-content\/uploads\/2022\/12\/thumb_IMG_3120_1024-2-1024x559.jpg\" class=\"attachment-large size-large wp-image-5796\" alt=\"\" srcset=\"https:\/\/quality-renting.com\/wp-content\/uploads\/2022\/12\/thumb_IMG_3120_1024-2-1024x559.jpg 1024w, https:\/\/quality-renting.com\/wp-content\/uploads\/2022\/12\/thumb_IMG_3120_1024-2-300x164.jpg 300w, https:\/\/quality-renting.com\/wp-content\/uploads\/2022\/12\/thumb_IMG_3120_1024-2-768x419.jpg 768w, https:\/\/quality-renting.com\/wp-content\/uploads\/2022\/12\/thumb_IMG_3120_1024-2.jpg 1200w\" sizes=\"(max-width: 800px) 100vw, 800px\" title=\"\">\t\t\t\t\t\t\t\t\t\t\t\t\t\t\t<\/div>\n\t\t\t\t<\/div>\n\t\t\t\t<div class=\"elementor-element elementor-element-6ef9e36 elementor-widget elementor-widget-heading\" data-id=\"6ef9e36\" data-element_type=\"widget\" data-e-type=\"widget\" data-widget_type=\"heading.default\">\n\t\t\t\t<div class=\"elementor-widget-container\">\n\t\t\t\t\t<h2 class=\"elementor-heading-title elementor-size-default\">Our story<\/h2>\t\t\t\t<\/div>\n\t\t\t\t<\/div>\n\t\t\t\t<div class=\"elementor-element elementor-element-e878f65 elementor-widget-divider--view-line elementor-widget elementor-widget-divider\" data-id=\"e878f65\" data-element_type=\"widget\" data-e-type=\"widget\" data-widget_type=\"divider.default\">\n\t\t\t\t<div class=\"elementor-widget-container\">\n\t\t\t\t\t\t\t<div class=\"elementor-divider\">\n\t\t\t<span class=\"elementor-divider-separator\">\n\t\t\t\t\t\t<\/span>\n\t\t<\/div>\n\t\t\t\t\t\t<\/div>\n\t\t\t\t<\/div>\n\t\t\t\t<div class=\"elementor-element elementor-element-32f6f76 elementor-widget elementor-widget-text-editor\" data-id=\"32f6f76\" data-element_type=\"widget\" data-e-type=\"widget\" data-widget_type=\"text-editor.default\">\n\t\t\t\t<div class=\"elementor-widget-container\">\n\t\t\t\t\t\t\t\t\t<p>Quality Estates is a real estate agency with a full range of services in the beautiful Golden Triangle of the Costa Brava. In the area there are towns such as Palam\u00f3s, Sant Antoni, Calonge, Praja de Aro, Santa Cristina and San Feliu de Guisols.<\/p><p>Quality Estates has over 20 years of experience in the region and over a quarter century of providing cost-effective, quality real estate services. Our team is fully committed to meeting the unique needs of our clients, whether those needs are simple or complex.<\/p>\t\t\t\t\t\t\t\t<\/div>\n\t\t\t\t<\/div>\n\t\t\t\t<div class=\"elementor-element elementor-element-1ccb938 elementor-align-left elementor-widget elementor-widget-button\" data-id=\"1ccb938\" data-element_type=\"widget\" data-e-type=\"widget\" data-widget_type=\"button.default\">\n\t\t\t\t<div class=\"elementor-widget-container\">\n\t\t\t\t\t\t\t\t\t<div class=\"elementor-button-wrapper\">\n\t\t\t\t\t<a class=\"elementor-button elementor-button-link elementor-size-sm\" href=\"https:\/\/www.qeibiza.es\/contact\/\" target=\"_blank\" rel=\"noopener\">\n\t\t\t\t\t\t<span class=\"elementor-button-content-wrapper\">\n\t\t\t\t\t\t\t\t\t<span class=\"elementor-button-text\">CONTACT US<\/span>\n\t\t\t\t\t<\/span>\n\t\t\t\t\t<\/a>\n\t\t\t\t<\/div>\n\t\t\t\t\t\t\t\t<\/div>\n\t\t\t\t<\/div>\n\t\t\t\t\t<\/div>\n\t\t<\/div>\n\t\t\t\t\t<\/div>\n\t\t<\/section>\n\t\t\t\t<\/div>\n\t\t","protected":false},"excerpt":{"rendered":"<p>VER VILLAS Pol\u00edtica de privacidad Pol\u00edtica de privacidad Quality Estates S.L. 1- Datos del responsable del tratamiento Raz\u00f3n social: QUALITY ESTATES SL (en adelante, la \u00abEmpresa\u00bb o el \u00abResponsable\u00bb). CIF: B17729963Direcci\u00f3n: AVDA. CATALUNYA N\u00ba 8 local 3 &#8211; 17252 &#8211; SANT ANTONI DE CALONGE &#8211; GIRONATel: +34 972 653 955Correo electr\u00f3nico para comunicaciones en materia [&hellip;]<\/p>\n","protected":false},"author":2,"featured_media":0,"parent":0,"menu_order":0,"comment_status":"closed","ping_status":"closed","template":"","meta":{"footnotes":""},"class_list":["post-5935","page","type-page","status-publish","hentry"],"_links":{"self":[{"href":"https:\/\/quality-renting.com\/es\/wp-json\/wp\/v2\/pages\/5935","targetHints":{"allow":["GET"]}}],"collection":[{"href":"https:\/\/quality-renting.com\/es\/wp-json\/wp\/v2\/pages"}],"about":[{"href":"https:\/\/quality-renting.com\/es\/wp-json\/wp\/v2\/types\/page"}],"author":[{"embeddable":true,"href":"https:\/\/quality-renting.com\/es\/wp-json\/wp\/v2\/users\/2"}],"replies":[{"embeddable":true,"href":"https:\/\/quality-renting.com\/es\/wp-json\/wp\/v2\/comments?post=5935"}],"version-history":[{"count":1,"href":"https:\/\/quality-renting.com\/es\/wp-json\/wp\/v2\/pages\/5935\/revisions"}],"predecessor-version":[{"id":7231,"href":"https:\/\/quality-renting.com\/es\/wp-json\/wp\/v2\/pages\/5935\/revisions\/7231"}],"wp:attachment":[{"href":"https:\/\/quality-renting.com\/es\/wp-json\/wp\/v2\/media?parent=5935"}],"curies":[{"name":"wp","href":"https:\/\/api.w.org\/{rel}","templated":true}]}}