{"id":5929,"date":"2022-12-07T09:46:12","date_gmt":"2022-12-07T08:46:12","guid":{"rendered":"http:\/\/www.qeibiza.es\/sobre-nosotros\/"},"modified":"2023-09-13T08:54:01","modified_gmt":"2023-09-13T07:54:01","slug":"sobre-nosotros","status":"publish","type":"page","link":"https:\/\/quality-renting.com\/es\/sobre-nosotros\/","title":{"rendered":"Sobre nosotros"},"content":{"rendered":"\t\t<div data-elementor-type=\"wp-page\" data-elementor-id=\"5929\" class=\"elementor elementor-5929 elementor-5131\" data-elementor-post-type=\"page\">\n\t\t\t\t\t\t<section class=\"elementor-section elementor-top-section elementor-element elementor-element-e26fac2 elementor-section-height-min-height elementor-section-boxed elementor-section-height-default elementor-section-items-middle\" data-id=\"e26fac2\" data-element_type=\"section\" data-e-type=\"section\" data-settings=\"{&quot;background_background&quot;:&quot;classic&quot;}\">\n\t\t\t\t\t\t<div class=\"elementor-container elementor-column-gap-default\">\n\t\t\t\t\t<div class=\"elementor-column elementor-col-100 elementor-top-column elementor-element elementor-element-7207470\" data-id=\"7207470\" data-element_type=\"column\" data-e-type=\"column\">\n\t\t\t<div class=\"elementor-widget-wrap elementor-element-populated\">\n\t\t\t\t\t\t<div class=\"elementor-element elementor-element-9a9e35a elementor-widget__width-auto elementor-absolute elementor-icon-list--layout-traditional elementor-list-item-link-full_width elementor-widget elementor-widget-icon-list\" data-id=\"9a9e35a\" data-element_type=\"widget\" data-e-type=\"widget\" data-settings=\"{&quot;_position&quot;:&quot;absolute&quot;}\" data-widget_type=\"icon-list.default\">\n\t\t\t\t<div class=\"elementor-widget-container\">\n\t\t\t\t\t\t\t<ul class=\"elementor-icon-list-items\">\n\t\t\t\t\t\t\t<li class=\"elementor-icon-list-item\">\n\t\t\t\t\t\t\t\t\t\t\t<a href=\"https:\/\/quality-renting.com\/rentals\/\">\n\n\t\t\t\t\t\t\t\t\t\t\t\t<span class=\"elementor-icon-list-icon\">\n\t\t\t\t\t\t\t<svg xmlns=\"http:\/\/www.w3.org\/2000\/svg\" height=\"20\" width=\"20\"><path d=\"M8.375 18.375 0 10l8.375-8.375 1.792 1.792L3.583 10l6.584 6.583Z\"><\/path><\/svg>\t\t\t\t\t\t<\/span>\n\t\t\t\t\t\t\t\t\t\t<span class=\"elementor-icon-list-text\">VER VILLAS<\/span>\n\t\t\t\t\t\t\t\t\t\t\t<\/a>\n\t\t\t\t\t\t\t\t\t<\/li>\n\t\t\t\t\t\t<\/ul>\n\t\t\t\t\t\t<\/div>\n\t\t\t\t<\/div>\n\t\t\t\t<div class=\"elementor-element elementor-element-3013891 elementor-widget elementor-widget-heading\" data-id=\"3013891\" data-element_type=\"widget\" data-e-type=\"widget\" data-widget_type=\"heading.default\">\n\t\t\t\t<div class=\"elementor-widget-container\">\n\t\t\t\t\t<h2 class=\"elementor-heading-title elementor-size-default\">Sobre nosotros<\/h2>\t\t\t\t<\/div>\n\t\t\t\t<\/div>\n\t\t\t\t\t<\/div>\n\t\t<\/div>\n\t\t\t\t\t<\/div>\n\t\t<\/section>\n\t\t\t\t<section class=\"elementor-section elementor-top-section elementor-element elementor-element-3dcb685 elementor-hidden-mobile elementor-section-boxed elementor-section-height-default elementor-section-height-default\" data-id=\"3dcb685\" data-element_type=\"section\" data-e-type=\"section\">\n\t\t\t\t\t\t<div class=\"elementor-container elementor-column-gap-default\">\n\t\t\t\t\t<div class=\"elementor-column elementor-col-100 elementor-top-column elementor-element elementor-element-c8c17a2\" data-id=\"c8c17a2\" data-element_type=\"column\" data-e-type=\"column\">\n\t\t\t<div class=\"elementor-widget-wrap elementor-element-populated\">\n\t\t\t\t\t\t<section class=\"elementor-section elementor-inner-section elementor-element elementor-element-631508d elementor-section-boxed elementor-section-height-default elementor-section-height-default\" data-id=\"631508d\" data-element_type=\"section\" data-e-type=\"section\">\n\t\t\t\t\t\t<div class=\"elementor-container elementor-column-gap-default\">\n\t\t\t\t\t<div class=\"elementor-column elementor-col-50 elementor-inner-column elementor-element elementor-element-641e5c8\" data-id=\"641e5c8\" data-element_type=\"column\" data-e-type=\"column\">\n\t\t\t<div class=\"elementor-widget-wrap elementor-element-populated\">\n\t\t\t\t\t\t<div class=\"elementor-element elementor-element-b9cf14f elementor-widget elementor-widget-heading\" data-id=\"b9cf14f\" data-element_type=\"widget\" data-e-type=\"widget\" data-widget_type=\"heading.default\">\n\t\t\t\t<div class=\"elementor-widget-container\">\n\t\t\t\t\t<h2 class=\"elementor-heading-title elementor-size-default\">\u00bfQui\u00e9nes somos?<\/h2>\t\t\t\t<\/div>\n\t\t\t\t<\/div>\n\t\t\t\t\t<\/div>\n\t\t<\/div>\n\t\t\t\t<div class=\"elementor-column elementor-col-50 elementor-inner-column elementor-element elementor-element-f2b854a\" data-id=\"f2b854a\" data-element_type=\"column\" data-e-type=\"column\">\n\t\t\t<div class=\"elementor-widget-wrap elementor-element-populated\">\n\t\t\t\t\t\t<div class=\"elementor-element elementor-element-82d7791 elementor-widget elementor-widget-heading\" data-id=\"82d7791\" data-element_type=\"widget\" data-e-type=\"widget\" data-widget_type=\"heading.default\">\n\t\t\t\t<div class=\"elementor-widget-container\">\n\t\t\t\t\t<h2 class=\"elementor-heading-title elementor-size-default\">Nuestra historia<\/h2>\t\t\t\t<\/div>\n\t\t\t\t<\/div>\n\t\t\t\t\t<\/div>\n\t\t<\/div>\n\t\t\t\t\t<\/div>\n\t\t<\/section>\n\t\t\t\t<div class=\"elementor-element elementor-element-18b7a20 elementor-widget-divider--view-line elementor-widget elementor-widget-divider\" data-id=\"18b7a20\" data-element_type=\"widget\" data-e-type=\"widget\" data-widget_type=\"divider.default\">\n\t\t\t\t<div class=\"elementor-widget-container\">\n\t\t\t\t\t\t\t<div class=\"elementor-divider\">\n\t\t\t<span class=\"elementor-divider-separator\">\n\t\t\t\t\t\t<\/span>\n\t\t<\/div>\n\t\t\t\t\t\t<\/div>\n\t\t\t\t<\/div>\n\t\t\t\t<section class=\"elementor-section elementor-inner-section elementor-element elementor-element-806dbcb elementor-section-boxed elementor-section-height-default elementor-section-height-default\" data-id=\"806dbcb\" data-element_type=\"section\" data-e-type=\"section\">\n\t\t\t\t\t\t<div class=\"elementor-container elementor-column-gap-default\">\n\t\t\t\t\t<div class=\"elementor-column elementor-col-50 elementor-inner-column elementor-element elementor-element-9324ee9\" data-id=\"9324ee9\" data-element_type=\"column\" data-e-type=\"column\">\n\t\t\t<div class=\"elementor-widget-wrap elementor-element-populated\">\n\t\t\t\t\t\t<div class=\"elementor-element elementor-element-b41ff2b elementor-widget elementor-widget-image\" data-id=\"b41ff2b\" data-element_type=\"widget\" data-e-type=\"widget\" data-widget_type=\"image.default\">\n\t\t\t\t<div class=\"elementor-widget-container\">\n\t\t\t\t\t\t\t\t\t\t\t\t\t\t\t<img fetchpriority=\"high\" decoding=\"async\" width=\"800\" height=\"437\" src=\"https:\/\/quality-renting.com\/wp-content\/uploads\/2022\/12\/thumb_IMG_3120_1024-2-1024x559.jpg\" class=\"attachment-large size-large wp-image-5796\" alt=\"\" srcset=\"https:\/\/quality-renting.com\/wp-content\/uploads\/2022\/12\/thumb_IMG_3120_1024-2-1024x559.jpg 1024w, https:\/\/quality-renting.com\/wp-content\/uploads\/2022\/12\/thumb_IMG_3120_1024-2-300x164.jpg 300w, https:\/\/quality-renting.com\/wp-content\/uploads\/2022\/12\/thumb_IMG_3120_1024-2-768x419.jpg 768w, https:\/\/quality-renting.com\/wp-content\/uploads\/2022\/12\/thumb_IMG_3120_1024-2.jpg 1200w\" sizes=\"(max-width: 800px) 100vw, 800px\" title=\"\">\t\t\t\t\t\t\t\t\t\t\t\t\t\t\t<\/div>\n\t\t\t\t<\/div>\n\t\t\t\t\t<\/div>\n\t\t<\/div>\n\t\t\t\t<div class=\"elementor-column elementor-col-50 elementor-inner-column elementor-element elementor-element-b1315e1\" data-id=\"b1315e1\" data-element_type=\"column\" data-e-type=\"column\">\n\t\t\t<div class=\"elementor-widget-wrap elementor-element-populated\">\n\t\t\t\t\t\t<div class=\"elementor-element elementor-element-c987655 elementor-widget elementor-widget-text-editor\" data-id=\"c987655\" data-element_type=\"widget\" data-e-type=\"widget\" data-widget_type=\"text-editor.default\">\n\t\t\t\t<div class=\"elementor-widget-container\">\n\t\t\t\t\t\t\t\t\t<p>Quality Estates es una agencia inmobiliaria con una gama completa de servicios en el hermoso Tri\u00e1ngulo de Oro de la Costa Brava. En la zona hay localidades como Palam\u00f3s, Sant Antoni, Calonge, Praja de Aro, Santa Cristina y San Feliu de Gu\u00edxols.<\/p>\n<p>Quality Estates cuenta con m\u00e1s de 20 a\u00f1os de experiencia en la regi\u00f3n y m\u00e1s de un cuarto de siglo prestando servicios inmobiliarios rentables y de calidad. Nuestro equipo est\u00e1 plenamente comprometido con la satisfacci\u00f3n de las necesidades espec\u00edficas de nuestros clientes, ya sean simples o complejas.<\/p>\n\t\t\t\t\t\t\t\t<\/div>\n\t\t\t\t<\/div>\n\t\t\t\t<div class=\"elementor-element elementor-element-3278e98 elementor-align-left elementor-widget elementor-widget-button\" data-id=\"3278e98\" data-element_type=\"widget\" data-e-type=\"widget\" data-widget_type=\"button.default\">\n\t\t\t\t<div class=\"elementor-widget-container\">\n\t\t\t\t\t\t\t\t\t<div class=\"elementor-button-wrapper\">\n\t\t\t\t\t<a class=\"elementor-button elementor-button-link elementor-size-sm\" href=\"https:\/\/quality-renting.com\/contact\/\">\n\t\t\t\t\t\t<span class=\"elementor-button-content-wrapper\">\n\t\t\t\t\t\t\t\t\t<span class=\"elementor-button-text\">CONT\u00c1CTANOS<\/span>\n\t\t\t\t\t<\/span>\n\t\t\t\t\t<\/a>\n\t\t\t\t<\/div>\n\t\t\t\t\t\t\t\t<\/div>\n\t\t\t\t<\/div>\n\t\t\t\t\t<\/div>\n\t\t<\/div>\n\t\t\t\t\t<\/div>\n\t\t<\/section>\n\t\t\t\t\t<\/div>\n\t\t<\/div>\n\t\t\t\t\t<\/div>\n\t\t<\/section>\n\t\t\t\t<section class=\"elementor-section elementor-top-section elementor-element elementor-element-df2c3f4 elementor-hidden-desktop elementor-hidden-tablet elementor-section-boxed elementor-section-height-default elementor-section-height-default\" data-id=\"df2c3f4\" data-element_type=\"section\" data-e-type=\"section\">\n\t\t\t\t\t\t<div class=\"elementor-container elementor-column-gap-default\">\n\t\t\t\t\t<div class=\"elementor-column elementor-col-100 elementor-top-column elementor-element elementor-element-7c14640\" data-id=\"7c14640\" data-element_type=\"column\" data-e-type=\"column\">\n\t\t\t<div class=\"elementor-widget-wrap elementor-element-populated\">\n\t\t\t\t\t\t<div class=\"elementor-element elementor-element-6708e2c elementor-widget elementor-widget-heading\" data-id=\"6708e2c\" data-element_type=\"widget\" data-e-type=\"widget\" data-widget_type=\"heading.default\">\n\t\t\t\t<div class=\"elementor-widget-container\">\n\t\t\t\t\t<h2 class=\"elementor-heading-title elementor-size-default\">\u00bfQui\u00e9nes somos?<\/h2>\t\t\t\t<\/div>\n\t\t\t\t<\/div>\n\t\t\t\t<div class=\"elementor-element elementor-element-4acca66 elementor-widget-divider--view-line elementor-widget elementor-widget-divider\" data-id=\"4acca66\" data-element_type=\"widget\" data-e-type=\"widget\" data-widget_type=\"divider.default\">\n\t\t\t\t<div class=\"elementor-widget-container\">\n\t\t\t\t\t\t\t<div class=\"elementor-divider\">\n\t\t\t<span class=\"elementor-divider-separator\">\n\t\t\t\t\t\t<\/span>\n\t\t<\/div>\n\t\t\t\t\t\t<\/div>\n\t\t\t\t<\/div>\n\t\t\t\t<div class=\"elementor-element elementor-element-482bfe0 elementor-widget elementor-widget-image\" data-id=\"482bfe0\" data-element_type=\"widget\" data-e-type=\"widget\" data-widget_type=\"image.default\">\n\t\t\t\t<div class=\"elementor-widget-container\">\n\t\t\t\t\t\t\t\t\t\t\t\t\t\t\t<img fetchpriority=\"high\" decoding=\"async\" width=\"800\" height=\"437\" src=\"https:\/\/quality-renting.com\/wp-content\/uploads\/2022\/12\/thumb_IMG_3120_1024-2-1024x559.jpg\" class=\"attachment-large size-large wp-image-5796\" alt=\"\" srcset=\"https:\/\/quality-renting.com\/wp-content\/uploads\/2022\/12\/thumb_IMG_3120_1024-2-1024x559.jpg 1024w, https:\/\/quality-renting.com\/wp-content\/uploads\/2022\/12\/thumb_IMG_3120_1024-2-300x164.jpg 300w, https:\/\/quality-renting.com\/wp-content\/uploads\/2022\/12\/thumb_IMG_3120_1024-2-768x419.jpg 768w, https:\/\/quality-renting.com\/wp-content\/uploads\/2022\/12\/thumb_IMG_3120_1024-2.jpg 1200w\" sizes=\"(max-width: 800px) 100vw, 800px\" title=\"\">\t\t\t\t\t\t\t\t\t\t\t\t\t\t\t<\/div>\n\t\t\t\t<\/div>\n\t\t\t\t<div class=\"elementor-element elementor-element-86b3f43 elementor-widget elementor-widget-heading\" data-id=\"86b3f43\" data-element_type=\"widget\" data-e-type=\"widget\" data-widget_type=\"heading.default\">\n\t\t\t\t<div class=\"elementor-widget-container\">\n\t\t\t\t\t<h2 class=\"elementor-heading-title elementor-size-default\">Nuestra historia<\/h2>\t\t\t\t<\/div>\n\t\t\t\t<\/div>\n\t\t\t\t<div class=\"elementor-element elementor-element-526720d elementor-widget-divider--view-line elementor-widget elementor-widget-divider\" data-id=\"526720d\" data-element_type=\"widget\" data-e-type=\"widget\" data-widget_type=\"divider.default\">\n\t\t\t\t<div class=\"elementor-widget-container\">\n\t\t\t\t\t\t\t<div class=\"elementor-divider\">\n\t\t\t<span class=\"elementor-divider-separator\">\n\t\t\t\t\t\t<\/span>\n\t\t<\/div>\n\t\t\t\t\t\t<\/div>\n\t\t\t\t<\/div>\n\t\t\t\t<div class=\"elementor-element elementor-element-d4d619a elementor-widget elementor-widget-text-editor\" data-id=\"d4d619a\" data-element_type=\"widget\" data-e-type=\"widget\" data-widget_type=\"text-editor.default\">\n\t\t\t\t<div class=\"elementor-widget-container\">\n\t\t\t\t\t\t\t\t\t<p>Quality Estates es una agencia inmobiliaria con una gama completa de servicios en el hermoso Tri\u00e1ngulo de Oro de la Costa Brava. En la zona hay localidades como Palam\u00f3s, Sant Antoni, Calonge, Praja de Aro, Santa Cristina y San Feliu de Gu\u00edxols.<\/p>\n<p>Quality Estates cuenta con m\u00e1s de 20 a\u00f1os de experiencia en la regi\u00f3n y m\u00e1s de un cuarto de siglo prestando servicios inmobiliarios rentables y de calidad. Nuestro equipo est\u00e1 plenamente comprometido con la satisfacci\u00f3n de las necesidades espec\u00edficas de nuestros clientes, ya sean simples o complejas.<\/p>\n\t\t\t\t\t\t\t\t<\/div>\n\t\t\t\t<\/div>\n\t\t\t\t<div class=\"elementor-element elementor-element-848b683 elementor-align-left elementor-widget elementor-widget-button\" data-id=\"848b683\" data-element_type=\"widget\" data-e-type=\"widget\" data-widget_type=\"button.default\">\n\t\t\t\t<div class=\"elementor-widget-container\">\n\t\t\t\t\t\t\t\t\t<div class=\"elementor-button-wrapper\">\n\t\t\t\t\t<a class=\"elementor-button elementor-button-link elementor-size-sm\" href=\"https:\/\/quality-renting.com\/contact\/\">\n\t\t\t\t\t\t<span class=\"elementor-button-content-wrapper\">\n\t\t\t\t\t\t\t\t\t<span class=\"elementor-button-text\">CONT\u00c1CTANOS<\/span>\n\t\t\t\t\t<\/span>\n\t\t\t\t\t<\/a>\n\t\t\t\t<\/div>\n\t\t\t\t\t\t\t\t<\/div>\n\t\t\t\t<\/div>\n\t\t\t\t\t<\/div>\n\t\t<\/div>\n\t\t\t\t\t<\/div>\n\t\t<\/section>\n\t\t\t\t<\/div>\n\t\t","protected":false},"excerpt":{"rendered":"<p>VER VILLAS Sobre nosotros \u00bfQui\u00e9nes somos? Nuestra historia Quality Estates es una agencia inmobiliaria con una gama completa de servicios en el hermoso Tri\u00e1ngulo de Oro de la Costa Brava. En la zona hay localidades como Palam\u00f3s, Sant Antoni, Calonge, Praja de Aro, Santa Cristina y San Feliu de Gu\u00edxols. Quality Estates cuenta con m\u00e1s [&hellip;]<\/p>\n","protected":false},"author":2,"featured_media":0,"parent":0,"menu_order":0,"comment_status":"closed","ping_status":"closed","template":"","meta":{"footnotes":""},"class_list":["post-5929","page","type-page","status-publish","hentry"],"_links":{"self":[{"href":"https:\/\/quality-renting.com\/es\/wp-json\/wp\/v2\/pages\/5929","targetHints":{"allow":["GET"]}}],"collection":[{"href":"https:\/\/quality-renting.com\/es\/wp-json\/wp\/v2\/pages"}],"about":[{"href":"https:\/\/quality-renting.com\/es\/wp-json\/wp\/v2\/types\/page"}],"author":[{"embeddable":true,"href":"https:\/\/quality-renting.com\/es\/wp-json\/wp\/v2\/users\/2"}],"replies":[{"embeddable":true,"href":"https:\/\/quality-renting.com\/es\/wp-json\/wp\/v2\/comments?post=5929"}],"version-history":[{"count":0,"href":"https:\/\/quality-renting.com\/es\/wp-json\/wp\/v2\/pages\/5929\/revisions"}],"wp:attachment":[{"href":"https:\/\/quality-renting.com\/es\/wp-json\/wp\/v2\/media?parent=5929"}],"curies":[{"name":"wp","href":"https:\/\/api.w.org\/{rel}","templated":true}]}}